{"id":362,"date":"2018-03-19T10:50:00","date_gmt":"2018-03-19T14:50:00","guid":{"rendered":"http:\/\/labortek.com\/hr-services\/"},"modified":"2018-06-21T16:03:05","modified_gmt":"2018-06-21T20:03:05","slug":"services-rh","status":"publish","type":"page","link":"https:\/\/labortek.com\/fr\/services-rh\/","title":{"rendered":"Services RH"},"content":{"rendered":"<div class=\"wpb-content-wrapper\"><p>[vc_row css_animation=\u00a0\u00bb\u00a0\u00bb row_type=\u00a0\u00bbrow\u00a0\u00bb use_row_as_full_screen_section=\u00a0\u00bbno\u00a0\u00bb type=\u00a0\u00bbfull_width\u00a0\u00bb angled_section=\u00a0\u00bbno\u00a0\u00bb text_align=\u00a0\u00bbleft\u00a0\u00bb background_image_as_pattern=\u00a0\u00bbwithout_pattern\u00a0\u00bb css=\u00a0\u00bb.vc_custom_1523888220456{background-color: #ffffff !important;}\u00a0\u00bb z_index=\u00a0\u00bb\u00a0\u00bb el_class=\u00a0\u00bbpadding-hr-services\u00a0\u00bb][vc_column][vc_row_inner row_type=\u00a0\u00bbrow\u00a0\u00bb type=\u00a0\u00bbgrid\u00a0\u00bb text_align=\u00a0\u00bbleft\u00a0\u00bb css_animation=\u00a0\u00bb\u00a0\u00bb][vc_column_inner][vc_column_text]Labor Tek poss\u00e8de l\u2019expertise n\u00e9cessaire pour recruter du personnel pour les corps de m\u00e9tier, la logistique, la fabrication, le travail de bureau, les services professionnels et les postes de direction. L\u2019entreprise offre diff\u00e9rentes options de recrutement qui aident les organisations \u00e0 trouver des employ\u00e9s qui pourront contribuer \u00e0 leurs activit\u00e9s, notamment :[\/vc_column_text][vc_empty_space height=\u00a0\u00bb50px\u00a0\u00bb][vc_column_text]<span class=\"blueText\">Solution de dotation permanente de Labor Tek<\/span> \u2013 Labor Tek aide les organisations \u00e0 doter des postes cl\u00e9s tout au long du processus de recrutement, de la r\u00e9daction du profil de poste jusqu\u2019\u00e0 la s\u00e9lection du meilleur candidat. Les organisations obtiennent un avantage concurrentiel parce que le recrutement s\u2019effectue plus efficacement et \u00e0 moindre co\u00fbt.[\/vc_column_text][vc_empty_space height=\u00a0\u00bb50px\u00a0\u00bb][vc_column_text]<span class=\"blueText\">Solution de dotation contractuelle et temporaire de Labor Tek<\/span> \u2013 Si vous avez besoin d\u2019un rempla\u00e7ant pour un employ\u00e9 en cong\u00e9, de personnel pour votre \u00e9quipe de projet afin de respecter des \u00e9ch\u00e9ances serr\u00e9es ou d\u2019employ\u00e9s pour un projet particulier, Labor Tek aide les organisations \u00e0 trouver tr\u00e8s rapidement des professionnels hautement qualifi\u00e9s pour des postes de dur\u00e9e limit\u00e9e, des placements directs ou des contrats.[\/vc_column_text][vc_empty_space height=\u00a0\u00bb100px\u00a0\u00bb][\/vc_column_inner][\/vc_row_inner][vc_row_inner row_type=\u00a0\u00bbrow\u00a0\u00bb type=\u00a0\u00bbgrid\u00a0\u00bb text_align=\u00a0\u00bbleft\u00a0\u00bb css_animation=\u00a0\u00bb\u00a0\u00bb][vc_column_inner][vc_column_text]<\/p>\n<h3>Des solutions \u00e0 vos besoins en recrutement:<\/h3>\n<p>[\/vc_column_text][vc_column_text]Dans le cas du <strong>recrutement d\u2019un contractuel,<\/strong> l\u2019employ\u00e9 reste sur la liste de paye de Labor Tek pendant la dur\u00e9e du contrat. Pendant cette p\u00e9riode, Labor Tek paiera l\u2019indemnit\u00e9 de vacances au taux de 4 %, les jours f\u00e9ri\u00e9s et les cotisations \u00e0 la Commission de la s\u00e9curit\u00e9 professionnelle et de l\u2019assurance contre les accidents du travail, en plus de s\u2019occuper de toutes les t\u00e2ches administratives et de gestion des RH n\u00e9cessaires, y compris : le processus de s\u00e9lection, les entrevues, les tests, la formation sur la s\u00e9curit\u00e9, les v\u00e9rifications des ant\u00e9c\u00e9dents <strong>et bien plus<\/strong> (selon les besoins des clients). Nous sommes enti\u00e8rement responsables du candidat durant le contrat. \u00c0 tout moment, si le client n\u2019est pas satisfait du rendement au travail d\u2019un candidat, le contrat d\u2019emploi est r\u00e9sili\u00e9 et un autre employ\u00e9 est affect\u00e9 au poste dans un d\u00e9lai raisonnable.[\/vc_column_text][vc_empty_space height=\u00a0\u00bb50px\u00a0\u00bb][vc_column_text]Les <strong>postes temporaires et permanents<\/strong> offrent aux employeurs les m\u00eames avantages qu\u2019une entente contractuelle, mais \u00e0 une diff\u00e9rence pr\u00e8s. Les employ\u00e9s demeurent sur la liste de paye de Labor Tek pendant une dur\u00e9e d\u00e9termin\u00e9e. Cependant, apr\u00e8s la p\u00e9riode pr\u00e9\u00e9tablie, l\u2019employeur peut choisir d\u2019embaucher la personne sans frais suppl\u00e9mentaires.[\/vc_column_text][vc_empty_space height=\u00a0\u00bb50px\u00a0\u00bb][vc_column_text]Les <strong>honoraires d\u2019interm\u00e9diaire et frais d\u2019embauche directe<\/strong> sont des frais que nous facturons aux clients quand nous leur trouvons un candidat parfaitement qualifi\u00e9. Les honoraires d\u2019interm\u00e9diaire sont un pourcentage qui est factur\u00e9 \u00e0 l\u2019employeur selon le salaire annuel pay\u00e9 \u00e0 un employ\u00e9. Nous nous occupons de tous les aspects du recrutement afin de vous trouver le candidat id\u00e9al (r\u00e9f\u00e9rences, v\u00e9rification des ant\u00e9c\u00e9dents, tests, processus d\u2019entrevue en trois \u00e9tapes, etc.). Une fois qu\u2019un candidat est choisi et engag\u00e9 par un client, celui-ci dispose d\u2019une garantie de remplacement de 60 jours en cas d\u2019insatisfaction avec le rendement de l\u2019employ\u00e9. Dans ce cas, Labor Tek trouvera un candidat pour remplacer l\u2019employ\u00e9 en question dans un d\u00e9lai raisonnable.[\/vc_column_text][vc_empty_space height=\u00a0\u00bb100px\u00a0\u00bb][\/vc_column_inner][\/vc_row_inner][vc_row_inner row_type=\u00a0\u00bbrow\u00a0\u00bb type=\u00a0\u00bbgrid\u00a0\u00bb text_align=\u00a0\u00bbcenter\u00a0\u00bb css_animation=\u00a0\u00bb\u00a0\u00bb][vc_column_inner][vc_column_text]<\/p>\n<h3>Pour tous vos besoins en dotation li\u00e9s aux corps de m\u00e9tier, \u00e0 la logistique, \u00e0 la fabrication, aux postes professionnels, de direction et de bureau<\/h3>\n<p>[\/vc_column_text][\/vc_column_inner][\/vc_row_inner][vc_row_inner row_type=\u00a0\u00bbrow\u00a0\u00bb type=\u00a0\u00bbgrid\u00a0\u00bb text_align=\u00a0\u00bbcenter\u00a0\u00bb css_animation=\u00a0\u00bb\u00a0\u00bb][vc_column_inner][vc_column_text el_class=\u00a0\u00bbstaffingTitle\u00a0\u00bb]<\/p>\n<p>Appelez au : <a href=\"tel:6137411128\"><strong>613-741-1128<\/strong><\/a><\/p>\n<p>[\/vc_column_text][\/vc_column_inner][\/vc_row_inner][\/vc_column][\/vc_row]<\/p>\n<\/div>","protected":false},"excerpt":{"rendered":"<p>[vc_row css_animation=\u00a0\u00bb\u00a0\u00bb row_type=\u00a0\u00bbrow\u00a0\u00bb use_row_as_full_screen_section=\u00a0\u00bbno\u00a0\u00bb type=\u00a0\u00bbfull_width\u00a0\u00bb angled_section=\u00a0\u00bbno\u00a0\u00bb text_align=\u00a0\u00bbleft\u00a0\u00bb background_image_as_pattern=\u00a0\u00bbwithout_pattern\u00a0\u00bb css=\u00a0\u00bb.vc_custom_1523888220456{background-color: #ffffff !important;}\u00a0\u00bb z_index=\u00a0\u00bb\u00a0\u00bb el_class=\u00a0\u00bbpadding-hr-services\u00a0\u00bb][vc_column][vc_row_inner row_type=\u00a0\u00bbrow\u00a0\u00bb type=\u00a0\u00bbgrid\u00a0\u00bb text_align=\u00a0\u00bbleft\u00a0\u00bb css_animation=\u00a0\u00bb\u00a0\u00bb][vc_column_inner][vc_column_text]Labor Tek poss\u00e8de l\u2019expertise n\u00e9cessaire pour recruter du personnel pour les corps de m\u00e9tier, la logistique, la fabrication, le travail de bureau, les services professionnels et les postes de&#8230;<\/p>\n","protected":false},"author":1,"featured_media":0,"parent":0,"menu_order":0,"comment_status":"closed","ping_status":"closed","template":"full_width.php","meta":{"_acf_changed":false,"footnotes":""},"class_list":["post-362","page","type-page","status-publish","hentry"],"acf":[],"yoast_head":"<!-- This site is optimized with the Yoast SEO plugin v23.8 - https:\/\/yoast.com\/wordpress\/plugins\/seo\/ -->\n<title>Services RH - Labortek Personnel Services Ltd.<\/title>\n<meta name=\"robots\" content=\"index, follow, max-snippet:-1, max-image-preview:large, max-video-preview:-1\" \/>\n<link rel=\"canonical\" href=\"https:\/\/labortek.com\/fr\/services-rh\/\" \/>\n<meta property=\"og:locale\" content=\"fr_FR\" \/>\n<meta property=\"og:type\" content=\"article\" \/>\n<meta property=\"og:title\" content=\"Services RH - Labortek Personnel Services Ltd.\" \/>\n<meta property=\"og:description\" content=\"[vc_row css_animation=\u00a0\u00bb\u00a0\u00bb row_type=\u00a0\u00bbrow\u00a0\u00bb use_row_as_full_screen_section=\u00a0\u00bbno\u00a0\u00bb type=\u00a0\u00bbfull_width\u00a0\u00bb angled_section=\u00a0\u00bbno\u00a0\u00bb text_align=\u00a0\u00bbleft\u00a0\u00bb background_image_as_pattern=\u00a0\u00bbwithout_pattern\u00a0\u00bb css=\u00a0\u00bb.vc_custom_1523888220456{background-color: #ffffff !important;}\u00a0\u00bb z_index=\u00a0\u00bb\u00a0\u00bb el_class=\u00a0\u00bbpadding-hr-services\u00a0\u00bb][vc_column][vc_row_inner row_type=\u00a0\u00bbrow\u00a0\u00bb type=\u00a0\u00bbgrid\u00a0\u00bb text_align=\u00a0\u00bbleft\u00a0\u00bb css_animation=\u00a0\u00bb\u00a0\u00bb][vc_column_inner][vc_column_text]Labor Tek poss\u00e8de l\u2019expertise n\u00e9cessaire pour recruter du personnel pour les corps de m\u00e9tier, la logistique, la fabrication, le travail de bureau, les services professionnels et les postes de...\" \/>\n<meta property=\"og:url\" content=\"https:\/\/labortek.com\/fr\/services-rh\/\" \/>\n<meta property=\"og:site_name\" content=\"Labortek Personnel Services Ltd.\" \/>\n<meta property=\"article:publisher\" content=\"https:\/\/www.facebook.com\/labortekpersonnel\" \/>\n<meta property=\"article:modified_time\" content=\"2018-06-21T20:03:05+00:00\" \/>\n<meta property=\"og:image\" content=\"https:\/\/labortek.com\/wp-content\/uploads\/2018\/03\/logo.png\" \/>\n<meta name=\"twitter:card\" content=\"summary_large_image\" \/>\n<meta name=\"twitter:site\" content=\"@LaborTekPers\" \/>\n<meta name=\"twitter:label1\" content=\"Dur\u00e9e de lecture estim\u00e9e\" \/>\n\t<meta name=\"twitter:data1\" content=\"4 minutes\" \/>\n<script type=\"application\/ld+json\" class=\"yoast-schema-graph\">{\"@context\":\"https:\/\/schema.org\",\"@graph\":[{\"@type\":\"WebPage\",\"@id\":\"https:\/\/labortek.com\/fr\/services-rh\/\",\"url\":\"https:\/\/labortek.com\/fr\/services-rh\/\",\"name\":\"Services RH - Labortek Personnel Services Ltd.\",\"isPartOf\":{\"@id\":\"https:\/\/labortek.com\/#website\"},\"datePublished\":\"2018-03-19T14:50:00+00:00\",\"dateModified\":\"2018-06-21T20:03:05+00:00\",\"breadcrumb\":{\"@id\":\"https:\/\/labortek.com\/fr\/services-rh\/#breadcrumb\"},\"inLanguage\":\"fr-FR\",\"potentialAction\":[{\"@type\":\"ReadAction\",\"target\":[\"https:\/\/labortek.com\/fr\/services-rh\/\"]}]},{\"@type\":\"BreadcrumbList\",\"@id\":\"https:\/\/labortek.com\/fr\/services-rh\/#breadcrumb\",\"itemListElement\":[{\"@type\":\"ListItem\",\"position\":1,\"name\":\"Accueil\",\"item\":\"https:\/\/labortek.com\/fr\/\"},{\"@type\":\"ListItem\",\"position\":2,\"name\":\"Services RH\"}]},{\"@type\":\"WebSite\",\"@id\":\"https:\/\/labortek.com\/#website\",\"url\":\"https:\/\/labortek.com\/\",\"name\":\"Labortek Personnel Services Ltd.\",\"description\":\"\",\"potentialAction\":[{\"@type\":\"SearchAction\",\"target\":{\"@type\":\"EntryPoint\",\"urlTemplate\":\"https:\/\/labortek.com\/?s={search_term_string}\"},\"query-input\":{\"@type\":\"PropertyValueSpecification\",\"valueRequired\":true,\"valueName\":\"search_term_string\"}}],\"inLanguage\":\"fr-FR\"}]}<\/script>\n<!-- \/ Yoast SEO plugin. -->","yoast_head_json":{"title":"Services RH - Labortek Personnel Services Ltd.","robots":{"index":"index","follow":"follow","max-snippet":"max-snippet:-1","max-image-preview":"max-image-preview:large","max-video-preview":"max-video-preview:-1"},"canonical":"https:\/\/labortek.com\/fr\/services-rh\/","og_locale":"fr_FR","og_type":"article","og_title":"Services RH - Labortek Personnel Services Ltd.","og_description":"[vc_row css_animation=\u00a0\u00bb\u00a0\u00bb row_type=\u00a0\u00bbrow\u00a0\u00bb use_row_as_full_screen_section=\u00a0\u00bbno\u00a0\u00bb type=\u00a0\u00bbfull_width\u00a0\u00bb angled_section=\u00a0\u00bbno\u00a0\u00bb text_align=\u00a0\u00bbleft\u00a0\u00bb background_image_as_pattern=\u00a0\u00bbwithout_pattern\u00a0\u00bb css=\u00a0\u00bb.vc_custom_1523888220456{background-color: #ffffff !important;}\u00a0\u00bb z_index=\u00a0\u00bb\u00a0\u00bb el_class=\u00a0\u00bbpadding-hr-services\u00a0\u00bb][vc_column][vc_row_inner row_type=\u00a0\u00bbrow\u00a0\u00bb type=\u00a0\u00bbgrid\u00a0\u00bb text_align=\u00a0\u00bbleft\u00a0\u00bb css_animation=\u00a0\u00bb\u00a0\u00bb][vc_column_inner][vc_column_text]Labor Tek poss\u00e8de l\u2019expertise n\u00e9cessaire pour recruter du personnel pour les corps de m\u00e9tier, la logistique, la fabrication, le travail de bureau, les services professionnels et les postes de...","og_url":"https:\/\/labortek.com\/fr\/services-rh\/","og_site_name":"Labortek Personnel Services Ltd.","article_publisher":"https:\/\/www.facebook.com\/labortekpersonnel","article_modified_time":"2018-06-21T20:03:05+00:00","og_image":[{"url":"https:\/\/labortek.com\/wp-content\/uploads\/2018\/03\/logo.png"}],"twitter_card":"summary_large_image","twitter_site":"@LaborTekPers","twitter_misc":{"Dur\u00e9e de lecture estim\u00e9e":"4 minutes"},"schema":{"@context":"https:\/\/schema.org","@graph":[{"@type":"WebPage","@id":"https:\/\/labortek.com\/fr\/services-rh\/","url":"https:\/\/labortek.com\/fr\/services-rh\/","name":"Services RH - Labortek Personnel Services Ltd.","isPartOf":{"@id":"https:\/\/labortek.com\/#website"},"datePublished":"2018-03-19T14:50:00+00:00","dateModified":"2018-06-21T20:03:05+00:00","breadcrumb":{"@id":"https:\/\/labortek.com\/fr\/services-rh\/#breadcrumb"},"inLanguage":"fr-FR","potentialAction":[{"@type":"ReadAction","target":["https:\/\/labortek.com\/fr\/services-rh\/"]}]},{"@type":"BreadcrumbList","@id":"https:\/\/labortek.com\/fr\/services-rh\/#breadcrumb","itemListElement":[{"@type":"ListItem","position":1,"name":"Accueil","item":"https:\/\/labortek.com\/fr\/"},{"@type":"ListItem","position":2,"name":"Services RH"}]},{"@type":"WebSite","@id":"https:\/\/labortek.com\/#website","url":"https:\/\/labortek.com\/","name":"Labortek Personnel Services Ltd.","description":"","potentialAction":[{"@type":"SearchAction","target":{"@type":"EntryPoint","urlTemplate":"https:\/\/labortek.com\/?s={search_term_string}"},"query-input":{"@type":"PropertyValueSpecification","valueRequired":true,"valueName":"search_term_string"}}],"inLanguage":"fr-FR"}]}},"_links":{"self":[{"href":"https:\/\/labortek.com\/fr\/wp-json\/wp\/v2\/pages\/362","targetHints":{"allow":["GET"]}}],"collection":[{"href":"https:\/\/labortek.com\/fr\/wp-json\/wp\/v2\/pages"}],"about":[{"href":"https:\/\/labortek.com\/fr\/wp-json\/wp\/v2\/types\/page"}],"author":[{"embeddable":true,"href":"https:\/\/labortek.com\/fr\/wp-json\/wp\/v2\/users\/1"}],"replies":[{"embeddable":true,"href":"https:\/\/labortek.com\/fr\/wp-json\/wp\/v2\/comments?post=362"}],"version-history":[{"count":0,"href":"https:\/\/labortek.com\/fr\/wp-json\/wp\/v2\/pages\/362\/revisions"}],"wp:attachment":[{"href":"https:\/\/labortek.com\/fr\/wp-json\/wp\/v2\/media?parent=362"}],"curies":[{"name":"wp","href":"https:\/\/api.w.org\/{rel}","templated":true}]}}