{"id":354,"date":"2018-03-19T10:51:00","date_gmt":"2018-03-19T14:51:00","guid":{"rendered":"http:\/\/labortek.com\/contact\/"},"modified":"2023-03-02T10:22:38","modified_gmt":"2023-03-02T15:22:38","slug":"contact","status":"publish","type":"page","link":"https:\/\/labortek.com\/fr\/contact\/","title":{"rendered":"Contact"},"content":{"rendered":"<div class=\"wpb-content-wrapper\"><p>[vc_row css_animation=\u00a0\u00bb\u00a0\u00bb row_type=\u00a0\u00bbrow\u00a0\u00bb use_row_as_full_screen_section=\u00a0\u00bbno\u00a0\u00bb type=\u00a0\u00bbfull_width\u00a0\u00bb angled_section=\u00a0\u00bbno\u00a0\u00bb text_align=\u00a0\u00bbleft\u00a0\u00bb background_image_as_pattern=\u00a0\u00bbwithout_pattern\u00a0\u00bb][vc_column]<div class='google_map_shortcode_holder' style='height:620px;'><div class='qode_google_map' style='height:620px;' id='map_canvas_50818' data-addresses='[\"1370, Triole St, Ottawa, Ontario, K1B 4T5, Canada\"]' data-custom-map-style='false' data-color-overlay='#393939' data-saturation='-100' data-lightness='-60' data-zoom='12' data-pin='https:\/\/labortek.com\/wp-content\/uploads\/2018\/04\/map-marker.png' data-unique-id='50818' data-google-maps-scroll-wheel='false' data-snazzy-map-style='yes' data-map-height='620'><\/div><input type=\"hidden\" class=\"qode-snazzy-map\" value=\"`{`\n{\n``featureType``: ``administrative``,\n``elementType``: ``labels.text.fill``,\n``stylers``: `{`\n{\n``color``: ``#444444``\n}\n`}`\n},\n{\n``featureType``: ``administrative.country``,\n``elementType``: ``geometry``,\n``stylers``: `{`\n{\n``visibility``: ``off``\n},\n{\n``saturation``: ``-3``\n},\n{\n``lightness``: ``29``\n}\n`}`\n},\n{\n``featureType``: ``landscape``,\n``elementType``: ``all``,\n``stylers``: `{`\n{\n``color``: ``#f2f2f2``\n}\n`}`\n},\n{\n``featureType``: ``poi``,\n``elementType``: ``all``,\n``stylers``: `{`\n{\n``visibility``: ``off``\n}\n`}`\n},\n{\n``featureType``: ``road``,\n``elementType``: ``all``,\n``stylers``: `{`\n{\n``saturation``: -100\n},\n{\n``lightness``: 45\n}\n`}`\n},\n{\n``featureType``: ``road.highway``,\n``elementType``: ``all``,\n``stylers``: `{`\n{\n``visibility``: ``simplified``\n}\n`}`\n},\n{\n``featureType``: ``road.arterial``,\n``elementType``: ``labels.icon``,\n``stylers``: `{`\n{\n``visibility``: ``off``\n}\n`}`\n},\n{\n``featureType``: ``transit``,\n``elementType``: ``all``,\n``stylers``: `{`\n{\n``visibility``: ``off``\n}\n`}`\n},\n{\n``featureType``: ``water``,\n``elementType``: ``all``,\n``stylers``: `{`\n{\n``color``: ``#b7b7b7``\n},\n{\n``visibility``: ``on``\n}\n`}`\n}\n`}` \" \/><div class='google_map_shortcode_overlay'><\/div><\/div>[\/vc_column][\/vc_row][vc_row css_animation=\u00a0\u00bb\u00a0\u00bb row_type=\u00a0\u00bbrow\u00a0\u00bb use_row_as_full_screen_section=\u00a0\u00bbno\u00a0\u00bb type=\u00a0\u00bbfull_width\u00a0\u00bb angled_section=\u00a0\u00bbno\u00a0\u00bb text_align=\u00a0\u00bbleft\u00a0\u00bb background_image_as_pattern=\u00a0\u00bbwithout_pattern\u00a0\u00bb z_index=\u00a0\u00bb102&Prime; el_class=\u00a0\u00bbblue-banner-row blue-contact-row\u00a0\u00bb][vc_column][vc_row_inner row_type=\u00a0\u00bbrow\u00a0\u00bb type=\u00a0\u00bbfull_width\u00a0\u00bb text_align=\u00a0\u00bbleft\u00a0\u00bb css_animation=\u00a0\u00bb\u00a0\u00bb][vc_column_inner width=\u00a0\u00bb1\/2&Prime;][vc_column_text el_class=\u00a0\u00bbblueRowText\u00a0\u00bb]<a href=\"https:\/\/goo.gl\/maps\/d7TBg1BM5gn\">1370 rue Triole Ottawa, ON K1B 3M4<\/a>[\/vc_column_text][\/vc_column_inner][vc_column_inner el_class=\u00a0\u00bbcenter-button-mobile padding-button-directions\u00a0\u00bb width=\u00a0\u00bb1\/2&Prime;][vc_raw_html]JTNDYSUyMGhyZWYlM0QlMjJodHRwcyUzQSUyRiUyRmdvby5nbCUyRm1hcHMlMkY0MWpIZzg2QVFQTDIlMjIlMjBjbGFzcyUzRCUyMmJ1dHRvbkRpcmVjdGlvbnMlMjIlM0VPYnRlbmlyJTIwZGVzJTIwZGlyZWN0aW9ucyUzQyUyRmElM0U=[\/vc_raw_html][\/vc_column_inner][\/vc_row_inner][\/vc_column][\/vc_row][vc_row css_animation=\u00a0\u00bb\u00a0\u00bb row_type=\u00a0\u00bbrow\u00a0\u00bb use_row_as_full_screen_section=\u00a0\u00bbno\u00a0\u00bb type=\u00a0\u00bbgrid\u00a0\u00bb angled_section=\u00a0\u00bbno\u00a0\u00bb text_align=\u00a0\u00bbleft\u00a0\u00bb background_image_as_pattern=\u00a0\u00bbwithout_pattern\u00a0\u00bb z_index=\u00a0\u00bb\u00a0\u00bb css=\u00a0\u00bb.vc_custom_1523381792238{background-color: #ffffff !important;}\u00a0\u00bb el_class=\u00a0\u00bbpadding-page-contact\u00a0\u00bb][vc_column offset=\u00a0\u00bbvc_col-lg-5&Prime;][vc_row_inner row_type=\u00a0\u00bbrow\u00a0\u00bb type=\u00a0\u00bbfull_width\u00a0\u00bb text_align=\u00a0\u00bbleft\u00a0\u00bb css_animation=\u00a0\u00bb\u00a0\u00bb][vc_column_inner width=\u00a0\u00bb1\/2&Prime; offset=\u00a0\u00bbvc_col-lg-12&Prime;][vc_column_text el_class=\u00a0\u00bbcontact-blue-title\u00a0\u00bb]<\/p>\n<h2>M\u00e9tiers sp\u00e9cialis\u00e9s \/ Industriel \/ Construction<\/h2>\n<p>[\/vc_column_text][vc_column_text el_class=\u00a0\u00bbcontact-phone\u00a0\u00bb]Veuillez contacter le <a href=\"tel:6137411128\"><strong>613-741-1128<\/strong><\/a>[\/vc_column_text][vc_column_text]<strong>T\u00e9l\u00e9copieur<\/strong>: <a href=\"tel:6137411130\">(613) 741-1130<\/a>[\/vc_column_text][vc_column_text el_class=\u00a0\u00bbcontact-email\u00a0\u00bb]<a href=\"mailto:caubin@labortek.com\">caubin@labortek.com<\/a>[\/vc_column_text][vc_column_text]<strong>Lundi \u00e0 vendredi &#8211; R\u00e9partiteur (par t\u00e9l\u00e9phone seulement)<\/strong><br \/>\n6:30 am \u00e0 17:00 pm[\/vc_column_text][vc_column_text el_class=\u00a0\u00bbcontact-hour-padding\u00a0\u00bb]<strong>Lundi \u00e0 vendredi &#8211; Ressources humaines \/ Heures d&rsquo;ouverture des bureaux<\/strong><br \/>\n8:00 am to 16:30 pm[\/vc_column_text][\/vc_column_inner][vc_column_inner width=\u00a0\u00bb1\/2&Prime; offset=\u00a0\u00bbvc_col-lg-12&Prime;][vc_column_text el_class=\u00a0\u00bbcontact-blue-title\u00a0\u00bb]<\/p>\n<h2>Professionnel sp\u00e9cialis\u00e9 \/ Administration \/ Ressources technologiques<\/h2>\n<p>[\/vc_column_text][vc_column_text el_class=\u00a0\u00bbcontact-phone\u00a0\u00bb]Veuillez contacter le <a href=\"tel:6137411128\"><strong>613-741-1128<\/strong><\/a>[\/vc_column_text][vc_column_text]<strong>T\u00e9l\u00e9copieur<\/strong>: <a href=\"tel:6137411130\">(613) 741-1130<\/a>[\/vc_column_text][vc_column_text el_class=\u00a0\u00bbcontact-email\u00a0\u00bb]<a href=\"mailto:caubin@labortek.com\">caubin@labortek.com<\/a>[\/vc_column_text][vc_column_text el_class=\u00a0\u00bbcontact-hour-padding\u00a0\u00bb]<strong>Lundi \u00e0 vendredi<\/strong><br \/>\n7:30 am to 16:30 pm[\/vc_column_text][\/vc_column_inner][\/vc_row_inner][\/vc_column][vc_column width=\u00a0\u00bb1\/12&Prime; offset=\u00a0\u00bbvc_hidden-md vc_hidden-sm vc_hidden-xs\u00a0\u00bb][\/vc_column][vc_column offset=\u00a0\u00bbvc_col-lg-6&Prime;][vc_row_inner row_type=\u00a0\u00bbrow\u00a0\u00bb type=\u00a0\u00bbfull_width\u00a0\u00bb text_align=\u00a0\u00bbleft\u00a0\u00bb css_animation=\u00a0\u00bb\u00a0\u00bb][vc_column_inner][vc_column_text el_class=\u00a0\u00bbcontact-blue-title contact-question-title-padding\u00a0\u00bb]<\/p>\n<h2>Questions ou commentaires<\/h2>\n<p>[\/vc_column_text]\n<div class=\"wpcf7 no-js\" id=\"wpcf7-f417-o1\" lang=\"en-CA\" dir=\"ltr\" data-wpcf7-id=\"417\">\n<div class=\"screen-reader-response\"><p role=\"status\" aria-live=\"polite\" aria-atomic=\"true\"><\/p> <ul><\/ul><\/div>\n<form action=\"\/fr\/wp-json\/wp\/v2\/pages\/354#wpcf7-f417-o1\" method=\"post\" class=\"wpcf7-form init default\" aria-label=\"Contact form\" novalidate=\"novalidate\" data-status=\"init\">\n<div style=\"display: none;\">\n<input type=\"hidden\" name=\"_wpcf7\" value=\"417\" \/>\n<input type=\"hidden\" name=\"_wpcf7_version\" value=\"6.0\" \/>\n<input type=\"hidden\" name=\"_wpcf7_locale\" value=\"en_CA\" \/>\n<input type=\"hidden\" name=\"_wpcf7_unit_tag\" value=\"wpcf7-f417-o1\" \/>\n<input type=\"hidden\" name=\"_wpcf7_container_post\" value=\"0\" \/>\n<input type=\"hidden\" name=\"_wpcf7_posted_data_hash\" value=\"\" \/>\n<input type=\"hidden\" name=\"_wpcf7_recaptcha_response\" value=\"\" \/>\n<\/div>\n<div class=\"vc_row\">\n\t<div class=\"vc_col-md-12\">\n\t\t<p><label><span class=\"wpcf7-form-control-wrap\" data-name=\"your-name\"><input size=\"40\" maxlength=\"400\" class=\"wpcf7-form-control wpcf7-text wpcf7-validates-as-required form-contact-input\" aria-required=\"true\" aria-invalid=\"false\" placeholder=\"Nom complet\" value=\"\" type=\"text\" name=\"your-name\" \/><\/span><\/label><br \/>\n<label><span class=\"wpcf7-form-control-wrap\" data-name=\"your-email\"><input size=\"40\" maxlength=\"400\" class=\"wpcf7-form-control wpcf7-email wpcf7-validates-as-required wpcf7-text wpcf7-validates-as-email form-contact-input\" aria-required=\"true\" aria-invalid=\"false\" placeholder=\"Courriel\" value=\"\" type=\"email\" name=\"your-email\" \/><\/span><\/label><br \/>\n<label><span class=\"wpcf7-form-control-wrap\" data-name=\"telephone\"><input size=\"40\" maxlength=\"400\" class=\"wpcf7-form-control wpcf7-tel wpcf7-validates-as-required wpcf7-text wpcf7-validates-as-tel form-contact-input\" aria-required=\"true\" aria-invalid=\"false\" placeholder=\"T\u00e9l\u00e9phone\" value=\"\" type=\"tel\" name=\"telephone\" \/><\/span><\/label><br \/>\n<label><span class=\"wpcf7-form-control-wrap\" data-name=\"message\"><textarea cols=\"40\" rows=\"11\" maxlength=\"2000\" class=\"wpcf7-form-control wpcf7-textarea wpcf7-validates-as-required form-contact-input\" aria-required=\"true\" aria-invalid=\"false\" placeholder=\"Commentaire\" name=\"message\"><\/textarea><\/span><\/label><br \/>\n<label><input class=\"wpcf7-form-control wpcf7-submit has-spinner form-contact-submit\" type=\"submit\" value=\"Envoyez votre message\" \/><\/label>\n\t\t<\/p>\n\t<\/div>\n<\/div><div class=\"wpcf7-response-output\" aria-hidden=\"true\"><\/div>\n<\/form>\n<\/div>\n[\/vc_column_inner][\/vc_row_inner][\/vc_column][\/vc_row][vc_row css_animation=\u00a0\u00bb\u00a0\u00bb row_type=\u00a0\u00bbrow\u00a0\u00bb use_row_as_full_screen_section=\u00a0\u00bbno\u00a0\u00bb type=\u00a0\u00bbfull_width\u00a0\u00bb angled_section=\u00a0\u00bbno\u00a0\u00bb text_align=\u00a0\u00bbleft\u00a0\u00bb background_image_as_pattern=\u00a0\u00bbwithout_pattern\u00a0\u00bb z_index=\u00a0\u00bb\u00a0\u00bb el_class=\u00a0\u00bbdisabled-row-color\u00a0\u00bb][vc_column][vc_row_inner row_type=\u00a0\u00bbrow\u00a0\u00bb type=\u00a0\u00bbgrid\u00a0\u00bb text_align=\u00a0\u00bbleft\u00a0\u00bb css_animation=\u00a0\u00bb\u00a0\u00bb][vc_column_inner el_class=\u00a0\u00bbicon-disabled-padding\u00a0\u00bb width=\u00a0\u00bb1\/12&Prime;][vc_single_image image=\u00a0\u00bb151&Prime; img_size=\u00a0\u00bbfull\u00a0\u00bb qode_css_animation=\u00a0\u00bb\u00a0\u00bb][\/vc_column_inner][vc_column_inner width=\u00a0\u00bb11\/12&Prime;][vc_column_text el_class=\u00a0\u00bbdisabled-text\u00a0\u00bb]<strong>Labor Tek<\/strong> s\u2019engage \u00e0 garantir l\u2019accessibilit\u00e9 \u00e0 nos candidats, clients et employ\u00e9s handicap\u00e9s. Notre bureau est accessible aux personnes handicap\u00e9es. Labor Tek vous invite \u00e0 transmettre tout commentaire \u00e0 ce sujet \u00e0 l\u2019aide du formulaire de commentaires dans <u>notre site Web<\/u>, <u>par courriel<\/u>, par t\u00e9l\u00e9phone ou en personne.[\/vc_column_text][\/vc_column_inner][\/vc_row_inner][\/vc_column][\/vc_row]<\/p>\n<\/div>","protected":false},"excerpt":{"rendered":"<p>[vc_row css_animation=\u00a0\u00bb\u00a0\u00bb row_type=\u00a0\u00bbrow\u00a0\u00bb use_row_as_full_screen_section=\u00a0\u00bbno\u00a0\u00bb type=\u00a0\u00bbfull_width\u00a0\u00bb angled_section=\u00a0\u00bbno\u00a0\u00bb text_align=\u00a0\u00bbleft\u00a0\u00bb background_image_as_pattern=\u00a0\u00bbwithout_pattern\u00a0\u00bb][vc_column][\/vc_column][\/vc_row][vc_row css_animation=\u00a0\u00bb\u00a0\u00bb row_type=\u00a0\u00bbrow\u00a0\u00bb use_row_as_full_screen_section=\u00a0\u00bbno\u00a0\u00bb type=\u00a0\u00bbfull_width\u00a0\u00bb angled_section=\u00a0\u00bbno\u00a0\u00bb text_align=\u00a0\u00bbleft\u00a0\u00bb background_image_as_pattern=\u00a0\u00bbwithout_pattern\u00a0\u00bb z_index=\u00a0\u00bb102&Prime; el_class=\u00a0\u00bbblue-banner-row blue-contact-row\u00a0\u00bb][vc_column][vc_row_inner row_type=\u00a0\u00bbrow\u00a0\u00bb type=\u00a0\u00bbfull_width\u00a0\u00bb text_align=\u00a0\u00bbleft\u00a0\u00bb css_animation=\u00a0\u00bb\u00a0\u00bb][vc_column_inner width=\u00a0\u00bb1\/2&Prime;][vc_column_text el_class=\u00a0\u00bbblueRowText\u00a0\u00bb]1370 rue Triole Ottawa, ON K1B 3M4[\/vc_column_text][\/vc_column_inner][vc_column_inner el_class=\u00a0\u00bbcenter-button-mobile padding-button-directions\u00a0\u00bb width=\u00a0\u00bb1\/2&Prime;][vc_raw_html]JTNDYSUyMGhyZWYlM0QlMjJodHRwcyUzQSUyRiUyRmdvby5nbCUyRm1hcHMlMkY0MWpIZzg2QVFQTDIlMjIlMjBjbGFzcyUzRCUyMmJ1dHRvbkRpcmVjdGlvbnMlMjIlM0VPYnRlbmlyJTIwZGVzJTIwZGlyZWN0aW9ucyUzQyUyRmElM0U=[\/vc_raw_html][\/vc_column_inner][\/vc_row_inner][\/vc_column][\/vc_row][vc_row css_animation=\u00a0\u00bb\u00a0\u00bb row_type=\u00a0\u00bbrow\u00a0\u00bb use_row_as_full_screen_section=\u00a0\u00bbno\u00a0\u00bb type=\u00a0\u00bbgrid\u00a0\u00bb angled_section=\u00a0\u00bbno\u00a0\u00bb text_align=\u00a0\u00bbleft\u00a0\u00bb background_image_as_pattern=\u00a0\u00bbwithout_pattern\u00a0\u00bb z_index=\u00a0\u00bb\u00a0\u00bb css=\u00a0\u00bb.vc_custom_1523381792238{background-color: #ffffff !important;}\u00a0\u00bb el_class=\u00a0\u00bbpadding-page-contact\u00a0\u00bb][vc_column&#8230;<\/p>\n","protected":false},"author":1,"featured_media":0,"parent":0,"menu_order":0,"comment_status":"closed","ping_status":"closed","template":"full_width.php","meta":{"_acf_changed":false,"footnotes":""},"class_list":["post-354","page","type-page","status-publish","hentry"],"acf":[],"yoast_head":"<!-- This site is optimized with the Yoast SEO plugin v23.8 - https:\/\/yoast.com\/wordpress\/plugins\/seo\/ -->\n<title>Contact - Labortek Personnel Services Ltd.<\/title>\n<meta name=\"robots\" content=\"index, follow, max-snippet:-1, max-image-preview:large, max-video-preview:-1\" \/>\n<link rel=\"canonical\" href=\"https:\/\/labortek.com\/fr\/contact\/\" \/>\n<meta property=\"og:locale\" content=\"fr_FR\" \/>\n<meta property=\"og:type\" content=\"article\" \/>\n<meta property=\"og:title\" content=\"Contact - Labortek Personnel Services Ltd.\" \/>\n<meta property=\"og:description\" content=\"[vc_row css_animation=\u00a0\u00bb\u00a0\u00bb row_type=\u00a0\u00bbrow\u00a0\u00bb use_row_as_full_screen_section=\u00a0\u00bbno\u00a0\u00bb type=\u00a0\u00bbfull_width\u00a0\u00bb angled_section=\u00a0\u00bbno\u00a0\u00bb text_align=\u00a0\u00bbleft\u00a0\u00bb background_image_as_pattern=\u00a0\u00bbwithout_pattern\u00a0\u00bb][vc_column][\/vc_column][\/vc_row][vc_row css_animation=\u00a0\u00bb\u00a0\u00bb row_type=\u00a0\u00bbrow\u00a0\u00bb use_row_as_full_screen_section=\u00a0\u00bbno\u00a0\u00bb type=\u00a0\u00bbfull_width\u00a0\u00bb angled_section=\u00a0\u00bbno\u00a0\u00bb text_align=\u00a0\u00bbleft\u00a0\u00bb background_image_as_pattern=\u00a0\u00bbwithout_pattern\u00a0\u00bb z_index=\u00a0\u00bb102&Prime; el_class=\u00a0\u00bbblue-banner-row blue-contact-row\u00a0\u00bb][vc_column][vc_row_inner row_type=\u00a0\u00bbrow\u00a0\u00bb type=\u00a0\u00bbfull_width\u00a0\u00bb text_align=\u00a0\u00bbleft\u00a0\u00bb css_animation=\u00a0\u00bb\u00a0\u00bb][vc_column_inner width=\u00a0\u00bb1\/2&Prime;][vc_column_text el_class=\u00a0\u00bbblueRowText\u00a0\u00bb]1370 rue Triole Ottawa, ON K1B 3M4[\/vc_column_text][\/vc_column_inner][vc_column_inner el_class=\u00a0\u00bbcenter-button-mobile padding-button-directions\u00a0\u00bb width=\u00a0\u00bb1\/2&Prime;][vc_raw_html]JTNDYSUyMGhyZWYlM0QlMjJodHRwcyUzQSUyRiUyRmdvby5nbCUyRm1hcHMlMkY0MWpIZzg2QVFQTDIlMjIlMjBjbGFzcyUzRCUyMmJ1dHRvbkRpcmVjdGlvbnMlMjIlM0VPYnRlbmlyJTIwZGVzJTIwZGlyZWN0aW9ucyUzQyUyRmElM0U=[\/vc_raw_html][\/vc_column_inner][\/vc_row_inner][\/vc_column][\/vc_row][vc_row css_animation=\u00a0\u00bb\u00a0\u00bb row_type=\u00a0\u00bbrow\u00a0\u00bb use_row_as_full_screen_section=\u00a0\u00bbno\u00a0\u00bb type=\u00a0\u00bbgrid\u00a0\u00bb angled_section=\u00a0\u00bbno\u00a0\u00bb text_align=\u00a0\u00bbleft\u00a0\u00bb background_image_as_pattern=\u00a0\u00bbwithout_pattern\u00a0\u00bb z_index=\u00a0\u00bb\u00a0\u00bb css=\u00a0\u00bb.vc_custom_1523381792238{background-color: #ffffff !important;}\u00a0\u00bb el_class=\u00a0\u00bbpadding-page-contact\u00a0\u00bb][vc_column...\" \/>\n<meta property=\"og:url\" content=\"https:\/\/labortek.com\/fr\/contact\/\" \/>\n<meta property=\"og:site_name\" content=\"Labortek Personnel Services Ltd.\" \/>\n<meta property=\"article:publisher\" content=\"https:\/\/www.facebook.com\/labortekpersonnel\" \/>\n<meta property=\"article:modified_time\" content=\"2023-03-02T15:22:38+00:00\" \/>\n<meta property=\"og:image\" content=\"https:\/\/labortek.com\/wp-content\/uploads\/2018\/03\/logo.png\" \/>\n<meta name=\"twitter:card\" content=\"summary_large_image\" \/>\n<meta name=\"twitter:site\" content=\"@LaborTekPers\" \/>\n<meta name=\"twitter:label1\" content=\"Dur\u00e9e de lecture estim\u00e9e\" \/>\n\t<meta name=\"twitter:data1\" content=\"3 minutes\" \/>\n<script type=\"application\/ld+json\" class=\"yoast-schema-graph\">{\"@context\":\"https:\/\/schema.org\",\"@graph\":[{\"@type\":\"WebPage\",\"@id\":\"https:\/\/labortek.com\/fr\/contact\/\",\"url\":\"https:\/\/labortek.com\/fr\/contact\/\",\"name\":\"Contact - Labortek Personnel Services Ltd.\",\"isPartOf\":{\"@id\":\"https:\/\/labortek.com\/#website\"},\"datePublished\":\"2018-03-19T14:51:00+00:00\",\"dateModified\":\"2023-03-02T15:22:38+00:00\",\"breadcrumb\":{\"@id\":\"https:\/\/labortek.com\/fr\/contact\/#breadcrumb\"},\"inLanguage\":\"fr-FR\",\"potentialAction\":[{\"@type\":\"ReadAction\",\"target\":[\"https:\/\/labortek.com\/fr\/contact\/\"]}]},{\"@type\":\"BreadcrumbList\",\"@id\":\"https:\/\/labortek.com\/fr\/contact\/#breadcrumb\",\"itemListElement\":[{\"@type\":\"ListItem\",\"position\":1,\"name\":\"Accueil\",\"item\":\"https:\/\/labortek.com\/fr\/\"},{\"@type\":\"ListItem\",\"position\":2,\"name\":\"Contact\"}]},{\"@type\":\"WebSite\",\"@id\":\"https:\/\/labortek.com\/#website\",\"url\":\"https:\/\/labortek.com\/\",\"name\":\"Labortek Personnel Services Ltd.\",\"description\":\"\",\"potentialAction\":[{\"@type\":\"SearchAction\",\"target\":{\"@type\":\"EntryPoint\",\"urlTemplate\":\"https:\/\/labortek.com\/?s={search_term_string}\"},\"query-input\":{\"@type\":\"PropertyValueSpecification\",\"valueRequired\":true,\"valueName\":\"search_term_string\"}}],\"inLanguage\":\"fr-FR\"}]}<\/script>\n<!-- \/ Yoast SEO plugin. -->","yoast_head_json":{"title":"Contact - Labortek Personnel Services Ltd.","robots":{"index":"index","follow":"follow","max-snippet":"max-snippet:-1","max-image-preview":"max-image-preview:large","max-video-preview":"max-video-preview:-1"},"canonical":"https:\/\/labortek.com\/fr\/contact\/","og_locale":"fr_FR","og_type":"article","og_title":"Contact - Labortek Personnel Services Ltd.","og_description":"[vc_row css_animation=\u00a0\u00bb\u00a0\u00bb row_type=\u00a0\u00bbrow\u00a0\u00bb use_row_as_full_screen_section=\u00a0\u00bbno\u00a0\u00bb type=\u00a0\u00bbfull_width\u00a0\u00bb angled_section=\u00a0\u00bbno\u00a0\u00bb text_align=\u00a0\u00bbleft\u00a0\u00bb background_image_as_pattern=\u00a0\u00bbwithout_pattern\u00a0\u00bb][vc_column][\/vc_column][\/vc_row][vc_row css_animation=\u00a0\u00bb\u00a0\u00bb row_type=\u00a0\u00bbrow\u00a0\u00bb use_row_as_full_screen_section=\u00a0\u00bbno\u00a0\u00bb type=\u00a0\u00bbfull_width\u00a0\u00bb angled_section=\u00a0\u00bbno\u00a0\u00bb text_align=\u00a0\u00bbleft\u00a0\u00bb background_image_as_pattern=\u00a0\u00bbwithout_pattern\u00a0\u00bb z_index=\u00a0\u00bb102&Prime; el_class=\u00a0\u00bbblue-banner-row blue-contact-row\u00a0\u00bb][vc_column][vc_row_inner row_type=\u00a0\u00bbrow\u00a0\u00bb type=\u00a0\u00bbfull_width\u00a0\u00bb text_align=\u00a0\u00bbleft\u00a0\u00bb css_animation=\u00a0\u00bb\u00a0\u00bb][vc_column_inner width=\u00a0\u00bb1\/2&Prime;][vc_column_text el_class=\u00a0\u00bbblueRowText\u00a0\u00bb]1370 rue Triole Ottawa, ON K1B 3M4[\/vc_column_text][\/vc_column_inner][vc_column_inner el_class=\u00a0\u00bbcenter-button-mobile padding-button-directions\u00a0\u00bb width=\u00a0\u00bb1\/2&Prime;][vc_raw_html]JTNDYSUyMGhyZWYlM0QlMjJodHRwcyUzQSUyRiUyRmdvby5nbCUyRm1hcHMlMkY0MWpIZzg2QVFQTDIlMjIlMjBjbGFzcyUzRCUyMmJ1dHRvbkRpcmVjdGlvbnMlMjIlM0VPYnRlbmlyJTIwZGVzJTIwZGlyZWN0aW9ucyUzQyUyRmElM0U=[\/vc_raw_html][\/vc_column_inner][\/vc_row_inner][\/vc_column][\/vc_row][vc_row css_animation=\u00a0\u00bb\u00a0\u00bb row_type=\u00a0\u00bbrow\u00a0\u00bb use_row_as_full_screen_section=\u00a0\u00bbno\u00a0\u00bb type=\u00a0\u00bbgrid\u00a0\u00bb angled_section=\u00a0\u00bbno\u00a0\u00bb text_align=\u00a0\u00bbleft\u00a0\u00bb background_image_as_pattern=\u00a0\u00bbwithout_pattern\u00a0\u00bb z_index=\u00a0\u00bb\u00a0\u00bb css=\u00a0\u00bb.vc_custom_1523381792238{background-color: #ffffff !important;}\u00a0\u00bb el_class=\u00a0\u00bbpadding-page-contact\u00a0\u00bb][vc_column...","og_url":"https:\/\/labortek.com\/fr\/contact\/","og_site_name":"Labortek Personnel Services Ltd.","article_publisher":"https:\/\/www.facebook.com\/labortekpersonnel","article_modified_time":"2023-03-02T15:22:38+00:00","og_image":[{"url":"https:\/\/labortek.com\/wp-content\/uploads\/2018\/03\/logo.png"}],"twitter_card":"summary_large_image","twitter_site":"@LaborTekPers","twitter_misc":{"Dur\u00e9e de lecture estim\u00e9e":"3 minutes"},"schema":{"@context":"https:\/\/schema.org","@graph":[{"@type":"WebPage","@id":"https:\/\/labortek.com\/fr\/contact\/","url":"https:\/\/labortek.com\/fr\/contact\/","name":"Contact - Labortek Personnel Services Ltd.","isPartOf":{"@id":"https:\/\/labortek.com\/#website"},"datePublished":"2018-03-19T14:51:00+00:00","dateModified":"2023-03-02T15:22:38+00:00","breadcrumb":{"@id":"https:\/\/labortek.com\/fr\/contact\/#breadcrumb"},"inLanguage":"fr-FR","potentialAction":[{"@type":"ReadAction","target":["https:\/\/labortek.com\/fr\/contact\/"]}]},{"@type":"BreadcrumbList","@id":"https:\/\/labortek.com\/fr\/contact\/#breadcrumb","itemListElement":[{"@type":"ListItem","position":1,"name":"Accueil","item":"https:\/\/labortek.com\/fr\/"},{"@type":"ListItem","position":2,"name":"Contact"}]},{"@type":"WebSite","@id":"https:\/\/labortek.com\/#website","url":"https:\/\/labortek.com\/","name":"Labortek Personnel Services Ltd.","description":"","potentialAction":[{"@type":"SearchAction","target":{"@type":"EntryPoint","urlTemplate":"https:\/\/labortek.com\/?s={search_term_string}"},"query-input":{"@type":"PropertyValueSpecification","valueRequired":true,"valueName":"search_term_string"}}],"inLanguage":"fr-FR"}]}},"_links":{"self":[{"href":"https:\/\/labortek.com\/fr\/wp-json\/wp\/v2\/pages\/354","targetHints":{"allow":["GET"]}}],"collection":[{"href":"https:\/\/labortek.com\/fr\/wp-json\/wp\/v2\/pages"}],"about":[{"href":"https:\/\/labortek.com\/fr\/wp-json\/wp\/v2\/types\/page"}],"author":[{"embeddable":true,"href":"https:\/\/labortek.com\/fr\/wp-json\/wp\/v2\/users\/1"}],"replies":[{"embeddable":true,"href":"https:\/\/labortek.com\/fr\/wp-json\/wp\/v2\/comments?post=354"}],"version-history":[{"count":0,"href":"https:\/\/labortek.com\/fr\/wp-json\/wp\/v2\/pages\/354\/revisions"}],"wp:attachment":[{"href":"https:\/\/labortek.com\/fr\/wp-json\/wp\/v2\/media?parent=354"}],"curies":[{"name":"wp","href":"https:\/\/api.w.org\/{rel}","templated":true}]}}