{"id":351,"date":"2018-03-19T10:50:41","date_gmt":"2018-03-19T14:50:41","guid":{"rendered":"http:\/\/labortek.com\/accessibility-hs-policies\/"},"modified":"2019-05-24T09:38:43","modified_gmt":"2019-05-24T13:38:43","slug":"accessibilite-politique-sante-et-securite","status":"publish","type":"page","link":"https:\/\/labortek.com\/fr\/accessibilite-politique-sante-et-securite\/","title":{"rendered":"Accessibilit\u00e9 \/ politique sant\u00e9 et s\u00e9curit\u00e9"},"content":{"rendered":"<div class=\"wpb-content-wrapper\"><p>[vc_row css_animation=\u00a0\u00bb\u00a0\u00bb row_type=\u00a0\u00bbrow\u00a0\u00bb use_row_as_full_screen_section=\u00a0\u00bbno\u00a0\u00bb type=\u00a0\u00bbfull_width\u00a0\u00bb angled_section=\u00a0\u00bbno\u00a0\u00bb text_align=\u00a0\u00bbleft\u00a0\u00bb background_image_as_pattern=\u00a0\u00bbwithout_pattern\u00a0\u00bb z_index=\u00a0\u00bb\u00a0\u00bb el_class=\u00a0\u00bbpadding-table-accessibility\u00a0\u00bb][vc_column][vc_raw_html]JTNDZGl2JTIwY2xhc3MlM0QlMjJqb2JUYWJsZSUyMGpvYi10YWJsZS1hY2Nlc3NpYmlsaXR5JTIyJTNFJTBBJTA5JTNDZGl2JTIwY2xhc3MlM0QlMjJqb2JUYWJsZUhlYWQlMjIlM0UlMEElMDklMDklM0NkaXYlMjBjbGFzcyUzRCUyMnZjX2NvbC1zbS04JTIwdGFibGUtY2VsbCUyMGpvYlRpdGxlSGVhZEFjY2Vzc2liaWxpdHklMjIlM0UlMEElMDklMDklMDlOb20lMjBkdSUyMGRvY3VtZW50JTBBJTA5JTA5JTNDJTJGZGl2JTNFJTBBJTA5JTA5JTNDZGl2JTIwY2xhc3MlM0QlMjJ2Y19jb2wtc20tMiUyMHRhYmxlLWNlbGwlMjBqb2JEYXRlSGVhZEFjY2Vzc2liaWxpdHklMjIlM0UlMEElMDklMDklMDlEYXRlJTIwZCUyN2FmZmljaGFnZSUwQSUwOSUwOSUzQyUyRmRpdiUzRSUwQSUwOSUwOSUzQ2RpdiUyMGNsYXNzJTNEJTIydmNfY29sLXNtLTIlMjB0YWJsZS1jZWxsJTIwam9iRG93bmxvYWRIZWFkQWNjZXNzaWJpbGl0eSUyMiUzRSUwQSUwOSUwOSUwOVQlQzMlQTlsJUMzJUE5Y2hhcmdlciUwQSUwOSUwOSUzQyUyRmRpdiUzRSUwQSUwOSUzQyUyRmRpdiUzRSUwQSUwOSUzQ2RpdiUyMGNsYXNzJTNEJTIyam9iVGFibGVSb3clMjIlM0UlMEElMDklMDklM0NkaXYlMjBjbGFzcyUzRCUyMnZjX2NvbC1zbS04JTIwdGFibGUtY2VsbCUyMGpvYlRpdGxlQWNjZXNzaWJpbGl0eSUyMiUzRSUwQSUwOSUwOSUwOSUzQ2ElMjBocmVmJTNEJTIyJTJGd3AtY29udGVudCUyRnVwbG9hZHMlMkYyMDE4JTJGMDQlMkZOb3JtZXMtZGFjY2Vzc2liaWxpdGUtcG91ci1sZXMtc2VydmljZXMtYS1sYS1jbGllbnRlbGUucGRmJTIyJTIwdGFyZ2V0JTNEJTIyX2JsYW5rJTIyJTNFTm9ybWVzJTIwZCVFMiU4MCU5OWFjY2Vzc2liaWxpdCVDMyVBOSUyMHBvdXIlMjBsZXMlMjBzZXJ2aWNlcyUyMCVDMyVBMCUyMGxhJTIwY2xpZW50JUMzJUE4bGUlM0MlMkZhJTNFJTBBJTA5JTA5JTNDJTJGZGl2JTNFJTBBJTA5JTA5JTNDZGl2JTIwY2xhc3MlM0QlMjJ2Y19jb2wtc20tMiUyMHRhYmxlLWNlbGwlMjBqb2JEYXRlQWNjZXNzaWJpbGl0eSUyMiUzRSUwQSUwOSUwOSUwOTIwMTctMTItMTklMEElMDklMDklM0MlMkZkaXYlM0UlMEElMDklMDklM0NkaXYlMjBjbGFzcyUzRCUyMnZjX2NvbC1zbS0yJTIwdGFibGUtY2VsbCUyMGpvYkRvd25sb2FkQWNjZXNzaWJpbGl0eSUyMiUzRSUwQSUwOSUwOSUwOSUzQ2ElMjBocmVmJTNEJTIyJTJGd3AtY29udGVudCUyRnVwbG9hZHMlMkYyMDE4JTJGMDQlMkZOb3JtZXMtZGFjY2Vzc2liaWxpdGUtcG91ci1sZXMtc2VydmljZXMtYS1sYS1jbGllbnRlbGUucGRmJTIyJTIwdGFyZ2V0JTNEJTIyX2JsYW5rJTIyJTIwY2xhc3MlM0QlMjJkb3dubG9hZC1idXR0b24lMjIlMjBhcmlhLWxhYmVsJTNEJTIyRG93bmxvYWQlMjBidXR0b24lMjIlM0UlM0MlMkZhJTNFJTBBJTA5JTA5JTNDJTJGZGl2JTNFJTBBJTA5JTNDJTJGZGl2JTNFJTBBJTA5JTNDZGl2JTIwY2xhc3MlM0QlMjJqb2JUYWJsZVJvdyUyMiUzRSUwQSUwOSUwOSUzQ2RpdiUyMGNsYXNzJTNEJTIydmNfY29sLXNtLTglMjB0YWJsZS1jZWxsJTIwam9iVGl0bGVBY2Nlc3NpYmlsaXR5JTIyJTNFJTBBJTA5JTA5JTA5JTNDYSUyMGhyZWYlM0QlMjIlMkZ3cC1jb250ZW50JTJGdXBsb2FkcyUyRjIwMTglMkYwNCUyRkZvcm11bGFpcmUtZGUtZmVlZGJhY2stc3VyLWxlLXNlcnZpY2UtYS1sYS1jbGllbnRlbGUucGRmJTIyJTIwdGFyZ2V0JTNEJTIyX2JsYW5rJTIyJTNFRm9ybXVsYWlyZSUyMGRlJTIwRmVlZGJhY2slMjAlMjhjb21tZW50YWlyZXMlMjklMjBzdXIlMjBsZSUyMHNlcnZpY2UlMjAlQzMlQTAlMjBsYSUyMGNsaWVudCVDMyVBOGxlJTNDJTJGYSUzRSUwQSUwOSUwOSUzQyUyRmRpdiUzRSUwQSUwOSUwOSUzQ2RpdiUyMGNsYXNzJTNEJTIydmNfY29sLXNtLTIlMjB0YWJsZS1jZWxsJTIwam9iRGF0ZUFjY2Vzc2liaWxpdHklMjIlM0UlMEElMDklMDklMDkyMDE3LTExLTIxJTBBJTA5JTA5JTNDJTJGZGl2JTNFJTBBJTA5JTA5JTNDZGl2JTIwY2xhc3MlM0QlMjJ2Y19jb2wtc20tMiUyMHRhYmxlLWNlbGwlMjBqb2JEb3dubG9hZEFjY2Vzc2liaWxpdHklMjIlM0UlMEElMDklMDklMDklM0NhJTIwaHJlZiUzRCUyMiUyRndwLWNvbnRlbnQlMkZ1cGxvYWRzJTJGMjAxOCUyRjA0JTJGRm9ybXVsYWlyZS1kZS1mZWVkYmFjay1zdXItbGUtc2VydmljZS1hLWxhLWNsaWVudGVsZS5wZGYlMjIlMjB0YXJnZXQlM0QlMjJfYmxhbmslMjIlMjBjbGFzcyUzRCUyMmRvd25sb2FkLWJ1dHRvbiUyMiUyMGFyaWEtbGFiZWwlM0QlMjJEb3dubG9hZCUyMGJ1dHRvbiUyMiUzRSUzQyUyRmElM0UlMEElMDklMDklM0MlMkZkaXYlM0UlMEElMDklM0MlMkZkaXYlM0UlMDklMEElM0MlMkZkaXYlM0UlMEElMDk=[\/vc_raw_html][\/vc_column][\/vc_row]<\/p>\n<\/div>","protected":false},"excerpt":{"rendered":"<p>[vc_row css_animation=\u00a0\u00bb\u00a0\u00bb row_type=\u00a0\u00bbrow\u00a0\u00bb use_row_as_full_screen_section=\u00a0\u00bbno\u00a0\u00bb type=\u00a0\u00bbfull_width\u00a0\u00bb angled_section=\u00a0\u00bbno\u00a0\u00bb text_align=\u00a0\u00bbleft\u00a0\u00bb background_image_as_pattern=\u00a0\u00bbwithout_pattern\u00a0\u00bb z_index=\u00a0\u00bb\u00a0\u00bb el_class=\u00a0\u00bbpadding-table-accessibility\u00a0\u00bb][vc_column][vc_raw_html]JTNDZGl2JTIwY2xhc3MlM0QlMjJqb2JUYWJsZSUyMGpvYi10YWJsZS1hY2Nlc3NpYmlsaXR5JTIyJTNFJTBBJTA5JTNDZGl2JTIwY2xhc3MlM0QlMjJqb2JUYWJsZUhlYWQlMjIlM0UlMEElMDklMDklM0NkaXYlMjBjbGFzcyUzRCUyMnZjX2NvbC1zbS04JTIwdGFibGUtY2VsbCUyMGpvYlRpdGxlSGVhZEFjY2Vzc2liaWxpdHklMjIlM0UlMEElMDklMDklMDlOb20lMjBkdSUyMGRvY3VtZW50JTBBJTA5JTA5JTNDJTJGZGl2JTNFJTBBJTA5JTA5JTNDZGl2JTIwY2xhc3MlM0QlMjJ2Y19jb2wtc20tMiUyMHRhYmxlLWNlbGwlMjBqb2JEYXRlSGVhZEFjY2Vzc2liaWxpdHklMjIlM0UlMEElMDklMDklMDlEYXRlJTIwZCUyN2FmZmljaGFnZSUwQSUwOSUwOSUzQyUyRmRpdiUzRSUwQSUwOSUwOSUzQ2RpdiUyMGNsYXNzJTNEJTIydmNfY29sLXNtLTIlMjB0YWJsZS1jZWxsJTIwam9iRG93bmxvYWRIZWFkQWNjZXNzaWJpbGl0eSUyMiUzRSUwQSUwOSUwOSUwOVQlQzMlQTlsJUMzJUE5Y2hhcmdlciUwQSUwOSUwOSUzQyUyRmRpdiUzRSUwQSUwOSUzQyUyRmRpdiUzRSUwQSUwOSUzQ2RpdiUyMGNsYXNzJTNEJTIyam9iVGFibGVSb3clMjIlM0UlMEElMDklMDklM0NkaXYlMjBjbGFzcyUzRCUyMnZjX2NvbC1zbS04JTIwdGFibGUtY2VsbCUyMGpvYlRpdGxlQWNjZXNzaWJpbGl0eSUyMiUzRSUwQSUwOSUwOSUwOSUzQ2ElMjBocmVmJTNEJTIyJTJGd3AtY29udGVudCUyRnVwbG9hZHMlMkYyMDE4JTJGMDQlMkZOb3JtZXMtZGFjY2Vzc2liaWxpdGUtcG91ci1sZXMtc2VydmljZXMtYS1sYS1jbGllbnRlbGUucGRmJTIyJTIwdGFyZ2V0JTNEJTIyX2JsYW5rJTIyJTNFTm9ybWVzJTIwZCVFMiU4MCU5OWFjY2Vzc2liaWxpdCVDMyVBOSUyMHBvdXIlMjBsZXMlMjBzZXJ2aWNlcyUyMCVDMyVBMCUyMGxhJTIwY2xpZW50JUMzJUE4bGUlM0MlMkZhJTNFJTBBJTA5JTA5JTNDJTJGZGl2JTNFJTBBJTA5JTA5JTNDZGl2JTIwY2xhc3MlM0QlMjJ2Y19jb2wtc20tMiUyMHRhYmxlLWNlbGwlMjBqb2JEYXRlQWNjZXNzaWJpbGl0eSUyMiUzRSUwQSUwOSUwOSUwOTIwMTctMTItMTklMEElMDklMDklM0MlMkZkaXYlM0UlMEElMDklMDklM0NkaXYlMjBjbGFzcyUzRCUyMnZjX2NvbC1zbS0yJTIwdGFibGUtY2VsbCUyMGpvYkRvd25sb2FkQWNjZXNzaWJpbGl0eSUyMiUzRSUwQSUwOSUwOSUwOSUzQ2ElMjBocmVmJTNEJTIyJTJGd3AtY29udGVudCUyRnVwbG9hZHMlMkYyMDE4JTJGMDQlMkZOb3JtZXMtZGFjY2Vzc2liaWxpdGUtcG91ci1sZXMtc2VydmljZXMtYS1sYS1jbGllbnRlbGUucGRmJTIyJTIwdGFyZ2V0JTNEJTIyX2JsYW5rJTIyJTIwY2xhc3MlM0QlMjJkb3dubG9hZC1idXR0b24lMjIlMjBhcmlhLWxhYmVsJTNEJTIyRG93bmxvYWQlMjBidXR0b24lMjIlM0UlM0MlMkZhJTNFJTBBJTA5JTA5JTNDJTJGZGl2JTNFJTBBJTA5JTNDJTJGZGl2JTNFJTBBJTA5JTNDZGl2JTIwY2xhc3MlM0QlMjJqb2JUYWJsZVJvdyUyMiUzRSUwQSUwOSUwOSUzQ2RpdiUyMGNsYXNzJTNEJTIydmNfY29sLXNtLTglMjB0YWJsZS1jZWxsJTIwam9iVGl0bGVBY2Nlc3NpYmlsaXR5JTIyJTNFJTBBJTA5JTA5JTA5JTNDYSUyMGhyZWYlM0QlMjIlMkZ3cC1jb250ZW50JTJGdXBsb2FkcyUyRjIwMTglMkYwNCUyRkZvcm11bGFpcmUtZGUtZmVlZGJhY2stc3VyLWxlLXNlcnZpY2UtYS1sYS1jbGllbnRlbGUucGRmJTIyJTIwdGFyZ2V0JTNEJTIyX2JsYW5rJTIyJTNFRm9ybXVsYWlyZSUyMGRlJTIwRmVlZGJhY2slMjAlMjhjb21tZW50YWlyZXMlMjklMjBzdXIlMjBsZSUyMHNlcnZpY2UlMjAlQzMlQTAlMjBsYSUyMGNsaWVudCVDMyVBOGxlJTNDJTJGYSUzRSUwQSUwOSUwOSUzQyUyRmRpdiUzRSUwQSUwOSUwOSUzQ2RpdiUyMGNsYXNzJTNEJTIydmNfY29sLXNtLTIlMjB0YWJsZS1jZWxsJTIwam9iRGF0ZUFjY2Vzc2liaWxpdHklMjIlM0UlMEElMDklMDklMDkyMDE3LTExLTIxJTBBJTA5JTA5JTNDJTJGZGl2JTNFJTBBJTA5JTA5JTNDZGl2JTIwY2xhc3MlM0QlMjJ2Y19jb2wtc20tMiUyMHRhYmxlLWNlbGwlMjBqb2JEb3dubG9hZEFjY2Vzc2liaWxpdHklMjIlM0UlMEElMDklMDklMDklM0NhJTIwaHJlZiUzRCUyMiUyRndwLWNvbnRlbnQlMkZ1cGxvYWRzJTJGMjAxOCUyRjA0JTJGRm9ybXVsYWlyZS1kZS1mZWVkYmFjay1zdXItbGUtc2VydmljZS1hLWxhLWNsaWVudGVsZS5wZGYlMjIlMjB0YXJnZXQlM0QlMjJfYmxhbmslMjIlMjBjbGFzcyUzRCUyMmRvd25sb2FkLWJ1dHRvbiUyMiUyMGFyaWEtbGFiZWwlM0QlMjJEb3dubG9hZCUyMGJ1dHRvbiUyMiUzRSUzQyUyRmElM0UlMEElMDklMDklM0MlMkZkaXYlM0UlMEElMDklM0MlMkZkaXYlM0UlMDklMEElM0MlMkZkaXYlM0UlMEElMDk=[\/vc_raw_html][\/vc_column][\/vc_row]<\/p>\n","protected":false},"author":1,"featured_media":0,"parent":0,"menu_order":0,"comment_status":"closed","ping_status":"closed","template":"full_width.php","meta":{"_acf_changed":false,"footnotes":""},"class_list":["post-351","page","type-page","status-publish","hentry"],"acf":[],"yoast_head":"<!-- This site is optimized with the Yoast SEO plugin v23.8 - https:\/\/yoast.com\/wordpress\/plugins\/seo\/ -->\n<title>Accessibilit\u00e9 \/ politique sant\u00e9 et s\u00e9curit\u00e9 - Labortek Personnel Services Ltd.<\/title>\n<meta name=\"robots\" content=\"index, follow, max-snippet:-1, max-image-preview:large, max-video-preview:-1\" \/>\n<link rel=\"canonical\" href=\"https:\/\/labortek.com\/fr\/accessibilite-politique-sante-et-securite\/\" \/>\n<meta property=\"og:locale\" content=\"fr_FR\" \/>\n<meta property=\"og:type\" content=\"article\" \/>\n<meta property=\"og:title\" content=\"Accessibilit\u00e9 \/ politique sant\u00e9 et s\u00e9curit\u00e9 - Labortek Personnel Services Ltd.\" \/>\n<meta property=\"og:description\" content=\"[vc_row css_animation=\u00a0\u00bb\u00a0\u00bb row_type=\u00a0\u00bbrow\u00a0\u00bb use_row_as_full_screen_section=\u00a0\u00bbno\u00a0\u00bb type=\u00a0\u00bbfull_width\u00a0\u00bb angled_section=\u00a0\u00bbno\u00a0\u00bb text_align=\u00a0\u00bbleft\u00a0\u00bb background_image_as_pattern=\u00a0\u00bbwithout_pattern\u00a0\u00bb z_index=\u00a0\u00bb\u00a0\u00bb el_class=\u00a0\u00bbpadding-table-accessibility\u00a0\u00bb][vc_column][vc_raw_html]JTNDZGl2JTIwY2xhc3MlM0QlMjJqb2JUYWJsZSUyMGpvYi10YWJsZS1hY2Nlc3NpYmlsaXR5JTIyJTNFJTBBJTA5JTNDZGl2JTIwY2xhc3MlM0QlMjJqb2JUYWJsZUhlYWQlMjIlM0UlMEElMDklMDklM0NkaXYlMjBjbGFzcyUzRCUyMnZjX2NvbC1zbS04JTIwdGFibGUtY2VsbCUyMGpvYlRpdGxlSGVhZEFjY2Vzc2liaWxpdHklMjIlM0UlMEElMDklMDklMDlOb20lMjBkdSUyMGRvY3VtZW50JTBBJTA5JTA5JTNDJTJGZGl2JTNFJTBBJTA5JTA5JTNDZGl2JTIwY2xhc3MlM0QlMjJ2Y19jb2wtc20tMiUyMHRhYmxlLWNlbGwlMjBqb2JEYXRlSGVhZEFjY2Vzc2liaWxpdHklMjIlM0UlMEElMDklMDklMDlEYXRlJTIwZCUyN2FmZmljaGFnZSUwQSUwOSUwOSUzQyUyRmRpdiUzRSUwQSUwOSUwOSUzQ2RpdiUyMGNsYXNzJTNEJTIydmNfY29sLXNtLTIlMjB0YWJsZS1jZWxsJTIwam9iRG93bmxvYWRIZWFkQWNjZXNzaWJpbGl0eSUyMiUzRSUwQSUwOSUwOSUwOVQlQzMlQTlsJUMzJUE5Y2hhcmdlciUwQSUwOSUwOSUzQyUyRmRpdiUzRSUwQSUwOSUzQyUyRmRpdiUzRSUwQSUwOSUzQ2RpdiUyMGNsYXNzJTNEJTIyam9iVGFibGVSb3clMjIlM0UlMEElMDklMDklM0NkaXYlMjBjbGFzcyUzRCUyMnZjX2NvbC1zbS04JTIwdGFibGUtY2VsbCUyMGpvYlRpdGxlQWNjZXNzaWJpbGl0eSUyMiUzRSUwQSUwOSUwOSUwOSUzQ2ElMjBocmVmJTNEJTIyJTJGd3AtY29udGVudCUyRnVwbG9hZHMlMkYyMDE4JTJGMDQlMkZOb3JtZXMtZGFjY2Vzc2liaWxpdGUtcG91ci1sZXMtc2VydmljZXMtYS1sYS1jbGllbnRlbGUucGRmJTIyJTIwdGFyZ2V0JTNEJTIyX2JsYW5rJTIyJTNFTm9ybWVzJTIwZCVFMiU4MCU5OWFjY2Vzc2liaWxpdCVDMyVBOSUyMHBvdXIlMjBsZXMlMjBzZXJ2aWNlcyUyMCVDMyVBMCUyMGxhJTIwY2xpZW50JUMzJUE4bGUlM0MlMkZhJTNFJTBBJTA5JTA5JTNDJTJGZGl2JTNFJTBBJTA5JTA5JTNDZGl2JTIwY2xhc3MlM0QlMjJ2Y19jb2wtc20tMiUyMHRhYmxlLWNlbGwlMjBqb2JEYXRlQWNjZXNzaWJpbGl0eSUyMiUzRSUwQSUwOSUwOSUwOTIwMTctMTItMTklMEElMDklMDklM0MlMkZkaXYlM0UlMEElMDklMDklM0NkaXYlMjBjbGFzcyUzRCUyMnZjX2NvbC1zbS0yJTIwdGFibGUtY2VsbCUyMGpvYkRvd25sb2FkQWNjZXNzaWJpbGl0eSUyMiUzRSUwQSUwOSUwOSUwOSUzQ2ElMjBocmVmJTNEJTIyJTJGd3AtY29udGVudCUyRnVwbG9hZHMlMkYyMDE4JTJGMDQlMkZOb3JtZXMtZGFjY2Vzc2liaWxpdGUtcG91ci1sZXMtc2VydmljZXMtYS1sYS1jbGllbnRlbGUucGRmJTIyJTIwdGFyZ2V0JTNEJTIyX2JsYW5rJTIyJTIwY2xhc3MlM0QlMjJkb3dubG9hZC1idXR0b24lMjIlMjBhcmlhLWxhYmVsJTNEJTIyRG93bmxvYWQlMjBidXR0b24lMjIlM0UlM0MlMkZhJTNFJTBBJTA5JTA5JTNDJTJGZGl2JTNFJTBBJTA5JTNDJTJGZGl2JTNFJTBBJTA5JTNDZGl2JTIwY2xhc3MlM0QlMjJqb2JUYWJsZVJvdyUyMiUzRSUwQSUwOSUwOSUzQ2RpdiUyMGNsYXNzJTNEJTIydmNfY29sLXNtLTglMjB0YWJsZS1jZWxsJTIwam9iVGl0bGVBY2Nlc3NpYmlsaXR5JTIyJTNFJTBBJTA5JTA5JTA5JTNDYSUyMGhyZWYlM0QlMjIlMkZ3cC1jb250ZW50JTJGdXBsb2FkcyUyRjIwMTglMkYwNCUyRkZvcm11bGFpcmUtZGUtZmVlZGJhY2stc3VyLWxlLXNlcnZpY2UtYS1sYS1jbGllbnRlbGUucGRmJTIyJTIwdGFyZ2V0JTNEJTIyX2JsYW5rJTIyJTNFRm9ybXVsYWlyZSUyMGRlJTIwRmVlZGJhY2slMjAlMjhjb21tZW50YWlyZXMlMjklMjBzdXIlMjBsZSUyMHNlcnZpY2UlMjAlQzMlQTAlMjBsYSUyMGNsaWVudCVDMyVBOGxlJTNDJTJGYSUzRSUwQSUwOSUwOSUzQyUyRmRpdiUzRSUwQSUwOSUwOSUzQ2RpdiUyMGNsYXNzJTNEJTIydmNfY29sLXNtLTIlMjB0YWJsZS1jZWxsJTIwam9iRGF0ZUFjY2Vzc2liaWxpdHklMjIlM0UlMEElMDklMDklMDkyMDE3LTExLTIxJTBBJTA5JTA5JTNDJTJGZGl2JTNFJTBBJTA5JTA5JTNDZGl2JTIwY2xhc3MlM0QlMjJ2Y19jb2wtc20tMiUyMHRhYmxlLWNlbGwlMjBqb2JEb3dubG9hZEFjY2Vzc2liaWxpdHklMjIlM0UlMEElMDklMDklMDklM0NhJTIwaHJlZiUzRCUyMiUyRndwLWNvbnRlbnQlMkZ1cGxvYWRzJTJGMjAxOCUyRjA0JTJGRm9ybXVsYWlyZS1kZS1mZWVkYmFjay1zdXItbGUtc2VydmljZS1hLWxhLWNsaWVudGVsZS5wZGYlMjIlMjB0YXJnZXQlM0QlMjJfYmxhbmslMjIlMjBjbGFzcyUzRCUyMmRvd25sb2FkLWJ1dHRvbiUyMiUyMGFyaWEtbGFiZWwlM0QlMjJEb3dubG9hZCUyMGJ1dHRvbiUyMiUzRSUzQyUyRmElM0UlMEElMDklMDklM0MlMkZkaXYlM0UlMEElMDklM0MlMkZkaXYlM0UlMDklMEElM0MlMkZkaXYlM0UlMEElMDk=[\/vc_raw_html][\/vc_column][\/vc_row]\" \/>\n<meta property=\"og:url\" content=\"https:\/\/labortek.com\/fr\/accessibilite-politique-sante-et-securite\/\" \/>\n<meta property=\"og:site_name\" content=\"Labortek Personnel Services Ltd.\" \/>\n<meta property=\"article:publisher\" content=\"https:\/\/www.facebook.com\/labortekpersonnel\" \/>\n<meta property=\"article:modified_time\" content=\"2019-05-24T13:38:43+00:00\" \/>\n<meta property=\"og:image\" content=\"https:\/\/labortek.com\/wp-content\/uploads\/2018\/03\/logo.png\" \/>\n<meta name=\"twitter:card\" content=\"summary_large_image\" \/>\n<meta name=\"twitter:site\" content=\"@LaborTekPers\" \/>\n<meta name=\"twitter:label1\" content=\"Dur\u00e9e de lecture estim\u00e9e\" \/>\n\t<meta name=\"twitter:data1\" content=\"1 minute\" \/>\n<script type=\"application\/ld+json\" class=\"yoast-schema-graph\">{\"@context\":\"https:\/\/schema.org\",\"@graph\":[{\"@type\":\"WebPage\",\"@id\":\"https:\/\/labortek.com\/fr\/accessibilite-politique-sante-et-securite\/\",\"url\":\"https:\/\/labortek.com\/fr\/accessibilite-politique-sante-et-securite\/\",\"name\":\"Accessibilit\u00e9 \/ politique sant\u00e9 et s\u00e9curit\u00e9 - Labortek Personnel Services Ltd.\",\"isPartOf\":{\"@id\":\"https:\/\/labortek.com\/#website\"},\"datePublished\":\"2018-03-19T14:50:41+00:00\",\"dateModified\":\"2019-05-24T13:38:43+00:00\",\"breadcrumb\":{\"@id\":\"https:\/\/labortek.com\/fr\/accessibilite-politique-sante-et-securite\/#breadcrumb\"},\"inLanguage\":\"fr-FR\",\"potentialAction\":[{\"@type\":\"ReadAction\",\"target\":[\"https:\/\/labortek.com\/fr\/accessibilite-politique-sante-et-securite\/\"]}]},{\"@type\":\"BreadcrumbList\",\"@id\":\"https:\/\/labortek.com\/fr\/accessibilite-politique-sante-et-securite\/#breadcrumb\",\"itemListElement\":[{\"@type\":\"ListItem\",\"position\":1,\"name\":\"Accueil\",\"item\":\"https:\/\/labortek.com\/fr\/\"},{\"@type\":\"ListItem\",\"position\":2,\"name\":\"Accessibilit\u00e9 \/ politique sant\u00e9 et s\u00e9curit\u00e9\"}]},{\"@type\":\"WebSite\",\"@id\":\"https:\/\/labortek.com\/#website\",\"url\":\"https:\/\/labortek.com\/\",\"name\":\"Labortek Personnel Services Ltd.\",\"description\":\"\",\"potentialAction\":[{\"@type\":\"SearchAction\",\"target\":{\"@type\":\"EntryPoint\",\"urlTemplate\":\"https:\/\/labortek.com\/?s={search_term_string}\"},\"query-input\":{\"@type\":\"PropertyValueSpecification\",\"valueRequired\":true,\"valueName\":\"search_term_string\"}}],\"inLanguage\":\"fr-FR\"}]}<\/script>\n<!-- \/ Yoast SEO plugin. -->","yoast_head_json":{"title":"Accessibilit\u00e9 \/ politique sant\u00e9 et s\u00e9curit\u00e9 - Labortek Personnel Services Ltd.","robots":{"index":"index","follow":"follow","max-snippet":"max-snippet:-1","max-image-preview":"max-image-preview:large","max-video-preview":"max-video-preview:-1"},"canonical":"https:\/\/labortek.com\/fr\/accessibilite-politique-sante-et-securite\/","og_locale":"fr_FR","og_type":"article","og_title":"Accessibilit\u00e9 \/ politique sant\u00e9 et s\u00e9curit\u00e9 - Labortek Personnel Services Ltd.","og_description":"[vc_row css_animation=\u00a0\u00bb\u00a0\u00bb row_type=\u00a0\u00bbrow\u00a0\u00bb use_row_as_full_screen_section=\u00a0\u00bbno\u00a0\u00bb type=\u00a0\u00bbfull_width\u00a0\u00bb angled_section=\u00a0\u00bbno\u00a0\u00bb text_align=\u00a0\u00bbleft\u00a0\u00bb background_image_as_pattern=\u00a0\u00bbwithout_pattern\u00a0\u00bb z_index=\u00a0\u00bb\u00a0\u00bb el_class=\u00a0\u00bbpadding-table-accessibility\u00a0\u00bb][vc_column][vc_raw_html]JTNDZGl2JTIwY2xhc3MlM0QlMjJqb2JUYWJsZSUyMGpvYi10YWJsZS1hY2Nlc3NpYmlsaXR5JTIyJTNFJTBBJTA5JTNDZGl2JTIwY2xhc3MlM0QlMjJqb2JUYWJsZUhlYWQlMjIlM0UlMEElMDklMDklM0NkaXYlMjBjbGFzcyUzRCUyMnZjX2NvbC1zbS04JTIwdGFibGUtY2VsbCUyMGpvYlRpdGxlSGVhZEFjY2Vzc2liaWxpdHklMjIlM0UlMEElMDklMDklMDlOb20lMjBkdSUyMGRvY3VtZW50JTBBJTA5JTA5JTNDJTJGZGl2JTNFJTBBJTA5JTA5JTNDZGl2JTIwY2xhc3MlM0QlMjJ2Y19jb2wtc20tMiUyMHRhYmxlLWNlbGwlMjBqb2JEYXRlSGVhZEFjY2Vzc2liaWxpdHklMjIlM0UlMEElMDklMDklMDlEYXRlJTIwZCUyN2FmZmljaGFnZSUwQSUwOSUwOSUzQyUyRmRpdiUzRSUwQSUwOSUwOSUzQ2RpdiUyMGNsYXNzJTNEJTIydmNfY29sLXNtLTIlMjB0YWJsZS1jZWxsJTIwam9iRG93bmxvYWRIZWFkQWNjZXNzaWJpbGl0eSUyMiUzRSUwQSUwOSUwOSUwOVQlQzMlQTlsJUMzJUE5Y2hhcmdlciUwQSUwOSUwOSUzQyUyRmRpdiUzRSUwQSUwOSUzQyUyRmRpdiUzRSUwQSUwOSUzQ2RpdiUyMGNsYXNzJTNEJTIyam9iVGFibGVSb3clMjIlM0UlMEElMDklMDklM0NkaXYlMjBjbGFzcyUzRCUyMnZjX2NvbC1zbS04JTIwdGFibGUtY2VsbCUyMGpvYlRpdGxlQWNjZXNzaWJpbGl0eSUyMiUzRSUwQSUwOSUwOSUwOSUzQ2ElMjBocmVmJTNEJTIyJTJGd3AtY29udGVudCUyRnVwbG9hZHMlMkYyMDE4JTJGMDQlMkZOb3JtZXMtZGFjY2Vzc2liaWxpdGUtcG91ci1sZXMtc2VydmljZXMtYS1sYS1jbGllbnRlbGUucGRmJTIyJTIwdGFyZ2V0JTNEJTIyX2JsYW5rJTIyJTNFTm9ybWVzJTIwZCVFMiU4MCU5OWFjY2Vzc2liaWxpdCVDMyVBOSUyMHBvdXIlMjBsZXMlMjBzZXJ2aWNlcyUyMCVDMyVBMCUyMGxhJTIwY2xpZW50JUMzJUE4bGUlM0MlMkZhJTNFJTBBJTA5JTA5JTNDJTJGZGl2JTNFJTBBJTA5JTA5JTNDZGl2JTIwY2xhc3MlM0QlMjJ2Y19jb2wtc20tMiUyMHRhYmxlLWNlbGwlMjBqb2JEYXRlQWNjZXNzaWJpbGl0eSUyMiUzRSUwQSUwOSUwOSUwOTIwMTctMTItMTklMEElMDklMDklM0MlMkZkaXYlM0UlMEElMDklMDklM0NkaXYlMjBjbGFzcyUzRCUyMnZjX2NvbC1zbS0yJTIwdGFibGUtY2VsbCUyMGpvYkRvd25sb2FkQWNjZXNzaWJpbGl0eSUyMiUzRSUwQSUwOSUwOSUwOSUzQ2ElMjBocmVmJTNEJTIyJTJGd3AtY29udGVudCUyRnVwbG9hZHMlMkYyMDE4JTJGMDQlMkZOb3JtZXMtZGFjY2Vzc2liaWxpdGUtcG91ci1sZXMtc2VydmljZXMtYS1sYS1jbGllbnRlbGUucGRmJTIyJTIwdGFyZ2V0JTNEJTIyX2JsYW5rJTIyJTIwY2xhc3MlM0QlMjJkb3dubG9hZC1idXR0b24lMjIlMjBhcmlhLWxhYmVsJTNEJTIyRG93bmxvYWQlMjBidXR0b24lMjIlM0UlM0MlMkZhJTNFJTBBJTA5JTA5JTNDJTJGZGl2JTNFJTBBJTA5JTNDJTJGZGl2JTNFJTBBJTA5JTNDZGl2JTIwY2xhc3MlM0QlMjJqb2JUYWJsZVJvdyUyMiUzRSUwQSUwOSUwOSUzQ2RpdiUyMGNsYXNzJTNEJTIydmNfY29sLXNtLTglMjB0YWJsZS1jZWxsJTIwam9iVGl0bGVBY2Nlc3NpYmlsaXR5JTIyJTNFJTBBJTA5JTA5JTA5JTNDYSUyMGhyZWYlM0QlMjIlMkZ3cC1jb250ZW50JTJGdXBsb2FkcyUyRjIwMTglMkYwNCUyRkZvcm11bGFpcmUtZGUtZmVlZGJhY2stc3VyLWxlLXNlcnZpY2UtYS1sYS1jbGllbnRlbGUucGRmJTIyJTIwdGFyZ2V0JTNEJTIyX2JsYW5rJTIyJTNFRm9ybXVsYWlyZSUyMGRlJTIwRmVlZGJhY2slMjAlMjhjb21tZW50YWlyZXMlMjklMjBzdXIlMjBsZSUyMHNlcnZpY2UlMjAlQzMlQTAlMjBsYSUyMGNsaWVudCVDMyVBOGxlJTNDJTJGYSUzRSUwQSUwOSUwOSUzQyUyRmRpdiUzRSUwQSUwOSUwOSUzQ2RpdiUyMGNsYXNzJTNEJTIydmNfY29sLXNtLTIlMjB0YWJsZS1jZWxsJTIwam9iRGF0ZUFjY2Vzc2liaWxpdHklMjIlM0UlMEElMDklMDklMDkyMDE3LTExLTIxJTBBJTA5JTA5JTNDJTJGZGl2JTNFJTBBJTA5JTA5JTNDZGl2JTIwY2xhc3MlM0QlMjJ2Y19jb2wtc20tMiUyMHRhYmxlLWNlbGwlMjBqb2JEb3dubG9hZEFjY2Vzc2liaWxpdHklMjIlM0UlMEElMDklMDklMDklM0NhJTIwaHJlZiUzRCUyMiUyRndwLWNvbnRlbnQlMkZ1cGxvYWRzJTJGMjAxOCUyRjA0JTJGRm9ybXVsYWlyZS1kZS1mZWVkYmFjay1zdXItbGUtc2VydmljZS1hLWxhLWNsaWVudGVsZS5wZGYlMjIlMjB0YXJnZXQlM0QlMjJfYmxhbmslMjIlMjBjbGFzcyUzRCUyMmRvd25sb2FkLWJ1dHRvbiUyMiUyMGFyaWEtbGFiZWwlM0QlMjJEb3dubG9hZCUyMGJ1dHRvbiUyMiUzRSUzQyUyRmElM0UlMEElMDklMDklM0MlMkZkaXYlM0UlMEElMDklM0MlMkZkaXYlM0UlMDklMEElM0MlMkZkaXYlM0UlMEElMDk=[\/vc_raw_html][\/vc_column][\/vc_row]","og_url":"https:\/\/labortek.com\/fr\/accessibilite-politique-sante-et-securite\/","og_site_name":"Labortek Personnel Services Ltd.","article_publisher":"https:\/\/www.facebook.com\/labortekpersonnel","article_modified_time":"2019-05-24T13:38:43+00:00","og_image":[{"url":"https:\/\/labortek.com\/wp-content\/uploads\/2018\/03\/logo.png"}],"twitter_card":"summary_large_image","twitter_site":"@LaborTekPers","twitter_misc":{"Dur\u00e9e de lecture estim\u00e9e":"1 minute"},"schema":{"@context":"https:\/\/schema.org","@graph":[{"@type":"WebPage","@id":"https:\/\/labortek.com\/fr\/accessibilite-politique-sante-et-securite\/","url":"https:\/\/labortek.com\/fr\/accessibilite-politique-sante-et-securite\/","name":"Accessibilit\u00e9 \/ politique sant\u00e9 et s\u00e9curit\u00e9 - Labortek Personnel Services Ltd.","isPartOf":{"@id":"https:\/\/labortek.com\/#website"},"datePublished":"2018-03-19T14:50:41+00:00","dateModified":"2019-05-24T13:38:43+00:00","breadcrumb":{"@id":"https:\/\/labortek.com\/fr\/accessibilite-politique-sante-et-securite\/#breadcrumb"},"inLanguage":"fr-FR","potentialAction":[{"@type":"ReadAction","target":["https:\/\/labortek.com\/fr\/accessibilite-politique-sante-et-securite\/"]}]},{"@type":"BreadcrumbList","@id":"https:\/\/labortek.com\/fr\/accessibilite-politique-sante-et-securite\/#breadcrumb","itemListElement":[{"@type":"ListItem","position":1,"name":"Accueil","item":"https:\/\/labortek.com\/fr\/"},{"@type":"ListItem","position":2,"name":"Accessibilit\u00e9 \/ politique sant\u00e9 et s\u00e9curit\u00e9"}]},{"@type":"WebSite","@id":"https:\/\/labortek.com\/#website","url":"https:\/\/labortek.com\/","name":"Labortek Personnel Services Ltd.","description":"","potentialAction":[{"@type":"SearchAction","target":{"@type":"EntryPoint","urlTemplate":"https:\/\/labortek.com\/?s={search_term_string}"},"query-input":{"@type":"PropertyValueSpecification","valueRequired":true,"valueName":"search_term_string"}}],"inLanguage":"fr-FR"}]}},"_links":{"self":[{"href":"https:\/\/labortek.com\/fr\/wp-json\/wp\/v2\/pages\/351","targetHints":{"allow":["GET"]}}],"collection":[{"href":"https:\/\/labortek.com\/fr\/wp-json\/wp\/v2\/pages"}],"about":[{"href":"https:\/\/labortek.com\/fr\/wp-json\/wp\/v2\/types\/page"}],"author":[{"embeddable":true,"href":"https:\/\/labortek.com\/fr\/wp-json\/wp\/v2\/users\/1"}],"replies":[{"embeddable":true,"href":"https:\/\/labortek.com\/fr\/wp-json\/wp\/v2\/comments?post=351"}],"version-history":[{"count":0,"href":"https:\/\/labortek.com\/fr\/wp-json\/wp\/v2\/pages\/351\/revisions"}],"wp:attachment":[{"href":"https:\/\/labortek.com\/fr\/wp-json\/wp\/v2\/media?parent=351"}],"curies":[{"name":"wp","href":"https:\/\/api.w.org\/{rel}","templated":true}]}}