{"id":347,"date":"2018-03-19T10:50:12","date_gmt":"2018-03-19T14:50:12","guid":{"rendered":"http:\/\/labortek.com\/about-us\/"},"modified":"2026-04-14T11:46:52","modified_gmt":"2026-04-14T15:46:52","slug":"a-propos","status":"publish","type":"page","link":"https:\/\/labortek.com\/fr\/a-propos\/","title":{"rendered":"\u00c0 propos"},"content":{"rendered":"<div class=\"wpb-content-wrapper\"><p>[vc_row css_animation=\u00a0\u00bb\u00a0\u00bb row_type=\u00a0\u00bbrow\u00a0\u00bb use_row_as_full_screen_section=\u00a0\u00bbno\u00a0\u00bb type=\u00a0\u00bbgrid\u00a0\u00bb angled_section=\u00a0\u00bbno\u00a0\u00bb text_align=\u00a0\u00bbleft\u00a0\u00bb background_image_as_pattern=\u00a0\u00bbwithout_pattern\u00a0\u00bb z_index=\u00a0\u00bb\u00a0\u00bb css=\u00a0\u00bb.vc_custom_1523297819286{background-color: #ffffff !important;}\u00a0\u00bb el_class=\u00a0\u00bbpadding-about-us-top\u00a0\u00bb][vc_column][vc_column_text]Labor Tek est une entreprise locale qui poss\u00e8de plus de 30 ann\u00e9es d\u2019exp\u00e9rience et de vastes connaissances dans le domaine de la dotation et de la formation. Labor Tek a deux secteurs d\u2019activit\u00e9 distincts : Labor Tek Services de personnel et Labor Tek Formation en s\u00e9curit\u00e9.[\/vc_column_text][vc_empty_space height=\u00a0\u00bb50px\u00a0\u00bb][vc_column_text]<span style=\"font-weight: 400;\">Labor Tek Services de personnel offre des services de dotation en employ\u00e9s permanents, contractuels et temporaires \u00e0 plus de 1 500 clients de la r\u00e9gion de la capitale nationale qui \u0153uvrent dans une vaste gamme de secteurs, comme la construction, la vente de d\u00e9tail, l\u2019entreposage, l\u2019industrie et la fabrication, la gestion immobili\u00e8re, les finances, l\u2019informatique et le service \u00e0 la client\u00e8le.<\/span>[\/vc_column_text][vc_empty_space height=\u00a0\u00bb50px\u00a0\u00bb][vc_column_text]Labor Tek a rehauss\u00e9 les normes du secteur afin d\u2019offrir aux employeurs, aux employ\u00e9s et aux \u00e9tudiants le plus haut degr\u00e9 d\u2019\u00e9thique professionnelle et d\u2019honn\u00eatet\u00e9. Notre extraordinaire croissance au cours des derni\u00e8res ann\u00e9es peut \u00eatre attribu\u00e9e directement \u00e0 notre travail acharn\u00e9 et \u00e0 notre passion, ainsi qu\u2019\u00e0 notre fa\u00e7on positive d\u2019aborder les exigences en mati\u00e8re de s\u00e9curit\u00e9 de nos clients. Nos exp\u00e9riences combin\u00e9es nous permettent d\u2019\u00eatre une pr\u00e9cieuse source d\u2019information pour beaucoup de personnes et d\u2019organisations tant \u00e0 l\u2019int\u00e9rieur qu\u2019\u00e0 l\u2019ext\u00e9rieur de la r\u00e9gion de la capitale nationale.[\/vc_column_text][vc_empty_space height=\u00a0\u00bb50px\u00a0\u00bb][vc_column_text]<span style=\"font-weight: 400;\">Labor Tek se consacre \u00e0 trouver les meilleures ressources temporaires, permanentes et contractuelles pour les employeurs. C\u2019est pourquoi nous avons mis en place diverses normes de service \u00e0 la client\u00e8le pour que nos clients soient satisfaits \u00e0 100 % de chaque affectation, peu importe le nombre d\u2019employ\u00e9s requis.<\/span>[\/vc_column_text][vc_empty_space height=\u00a0\u00bb50px\u00a0\u00bb][vc_column_text]<\/p>\n<h3>Votre partenaire de choix en mati\u00e8re d\u2019emploi<\/h3>\n<p>[\/vc_column_text][vc_column_text]Au cours des deux derni\u00e8res d\u00e9cennies, Labor Tek Services de personnel a vu son entreprise grandir pour devenir une des principales agences de placement des secteurs public et priv\u00e9, y compris la fonction publique. Que vous cherchiez un emploi temporaire, temporaire menant \u00e0 une permanence, contractuel ou permanent dans les domaines du soutien administratif, de la comptabilit\u00e9, de la gestion, des technologies de l\u2019information, des services professionnels sp\u00e9cialis\u00e9s, de l\u2019entreposage, des m\u00e9tiers de la construction, Labor Tek est le mieux plac\u00e9 pour vous aider \u00e0 atteindre vos objectifs professionnels.[\/vc_column_text][vc_empty_space height=\u00a0\u00bb50px\u00a0\u00bb][vc_column_text]<span style=\"font-weight: 400;\">Lorsque vous posez votre candidature chez Labor Tek, vous aurez acc\u00e8s aux meilleurs employeurs de la r\u00e9gion d\u2019Ottawa-Gatineau, o\u00f9 votre motivation et vos comp\u00e9tences seront mises \u00e0 profit pour atteindre le niveau de satisfaction personnelle que vous recherchez. Notre succ\u00e8s continu est attribuable au jumelage de votre profil aux exigences du poste gr\u00e2ce \u00e0 notre offre de services personnalis\u00e9s et sur mesure.<\/span>[\/vc_column_text][vc_empty_space height=\u00a0\u00bb50px\u00a0\u00bb][vc_column_text]<span style=\"font-weight: 400;\">Trouver le bon candidat pour votre organisation n\u2019est pas toujours facile. Chez Labor Tek, notre objectif est d\u2019enlever le poids du recrutement des \u00e9paules de nos clients afin qu\u2019ils puissent se concentrer sur leur entreprise. Parmi les services que nous offrons figurent notamment l\u2019examen et la formation de tous nos candidats. Lorsque nous dotons un poste important pour votre organisation, nous nous servons toujours de notre riche expertise et de nos connaissances de l\u2019industrie pour comprendre votre milieu de travail et vous recommander seulement les meilleurs candidats pour le poste, la culture de votre organisation et votre emplacement g\u00e9ographique.<\/span>[\/vc_column_text][vc_separator type=\u00a0\u00bbnormal\u00a0\u00bb color=\u00a0\u00bb#c2cad6&Prime; thickness=\u00a0\u00bb1&Prime; up=\u00a0\u00bb100&Prime; down=\u00a0\u00bb100&Prime;][\/vc_column][\/vc_row][vc_row css_animation=\u00a0\u00bb\u00a0\u00bb row_type=\u00a0\u00bbrow\u00a0\u00bb use_row_as_full_screen_section=\u00a0\u00bbno\u00a0\u00bb type=\u00a0\u00bbgrid\u00a0\u00bb angled_section=\u00a0\u00bbno\u00a0\u00bb text_align=\u00a0\u00bbleft\u00a0\u00bb background_image_as_pattern=\u00a0\u00bbwithout_pattern\u00a0\u00bb row_negative_margin=\u00a0\u00bbdisable_negative_margin\u00a0\u00bb z_index=\u00a0\u00bb\u00a0\u00bb css=\u00a0\u00bb.vc_custom_1523299464440{background-color: #ffffff !important;}\u00a0\u00bb el_id=\u00a0\u00bbourteam\u00a0\u00bb][vc_column][vc_column_text el_class=\u00a0\u00bbpadding-our-team\u00a0\u00bb]<\/p>\n<h2>Notre \u00e9quipe<\/h2>\n<p>[\/vc_column_text][vc_column_text el_class=\u00a0\u00bbabout-us-blue-title\u00a0\u00bb]<strong>Comment nous joindre\u00a0<\/strong> <a href=\"tel:6137411128\"><strong>613-741-1128<\/strong><\/a>[\/vc_column_text][vc_row_inner row_type=\u00a0\u00bbrow\u00a0\u00bb type=\u00a0\u00bbfull_width\u00a0\u00bb text_align=\u00a0\u00bbleft\u00a0\u00bb css_animation=\u00a0\u00bb\u00a0\u00bb][vc_column_inner width=\u00a0\u00bb1\/2&Prime;][vc_column_text]<strong>Pr\u00e9sident<\/strong><br \/>\nDonald Tardif[\/vc_column_text][vc_empty_space height=\u00a0\u00bb30px\u00a0\u00bb][vc_column_text]<strong>Contr\u00f4leuse\/CSO<\/strong><br \/>\nMariette Dicaire[\/vc_column_text][vc_empty_space height=\u00a0\u00bb30px\u00a0\u00bb][vc_empty_space height=\u00a0\u00bb30px\u00a0\u00bb][\/vc_column_inner][vc_column_inner width=\u00a0\u00bb1\/2&Prime; offset=\u00a0\u00bbvc_hidden-md vc_hidden-sm vc_hidden-xs\u00a0\u00bb][vc_column_text]<strong>Directrice des op\u00e9rations \/ ACSO \/ WSIB<\/strong><br \/>\nChantal Blais[\/vc_column_text][vc_empty_space height=\u00a0\u00bb30px\u00a0\u00bb][vc_column_text]<strong>Ressources humaines seniors<\/strong><br \/>\nCelyne Aubin[\/vc_column_text][vc_empty_space height=\u00a0\u00bb30px\u00a0\u00bb][vc_empty_space height=\u00a0\u00bb30px\u00a0\u00bb][\/vc_column_inner][\/vc_row_inner][vc_separator type=\u00a0\u00bbnormal\u00a0\u00bb color=\u00a0\u00bb#c2cad6&Prime; thickness=\u00a0\u00bb1&Prime; up=\u00a0\u00bb30&Prime; down=\u00a0\u00bb30&Prime;][vc_row_inner row_type=\u00a0\u00bbrow\u00a0\u00bb type=\u00a0\u00bbfull_width\u00a0\u00bb text_align=\u00a0\u00bbleft\u00a0\u00bb css_animation=\u00a0\u00bb\u00a0\u00bb][vc_column_inner width=\u00a0\u00bb1\/2&Prime;][vc_column_text css=\u00a0\u00bb\u00a0\u00bb]<strong>Coordinatrice du personnel<\/strong><br \/>\nValerie Gibeault[\/vc_column_text][vc_empty_space height=\u00a0\u00bb30px\u00a0\u00bb][vc_column_text css=\u00a0\u00bb\u00a0\u00bb]<strong>R\u00e9ceptionniste \/ Clerc<\/strong><\/p>\n<p>Andrea Delorme[\/vc_column_text][vc_empty_space height=\u00a0\u00bb30px\u00a0\u00bb][vc_empty_space height=\u00a0\u00bb30px\u00a0\u00bb][\/vc_column_inner][vc_column_inner width=\u00a0\u00bb1\/2&Prime; offset=\u00a0\u00bbvc_hidden-md vc_hidden-sm vc_hidden-xs\u00a0\u00bb][vc_column_text css=\u00a0\u00bb\u00a0\u00bb]<strong>Conseill\u00e8re du service de la paye\/commis aux comptes clients<\/strong><br \/>\nNatalie Ferguson[\/vc_column_text][vc_empty_space height=\u00a0\u00bb30px\u00a0\u00bb][vc_column_text css=\u00a0\u00bb\u00a0\u00bb]<strong>Conseill\u00e8re du service de la paye<\/strong><br \/>\nKatie Vincent[\/vc_column_text][vc_column_text][\/vc_column_text][vc_empty_space height=\u00a0\u00bb30px\u00a0\u00bb][vc_empty_space height=\u00a0\u00bb30px\u00a0\u00bb][\/vc_column_inner][\/vc_row_inner][vc_separator type=\u00a0\u00bbnormal\u00a0\u00bb color=\u00a0\u00bb#c2cad6&Prime; thickness=\u00a0\u00bb1&Prime; up=\u00a0\u00bb100&Prime; down=\u00a0\u00bb100&Prime;][\/vc_column][\/vc_row][vc_row css_animation=\u00a0\u00bb\u00a0\u00bb row_type=\u00a0\u00bbrow\u00a0\u00bb use_row_as_full_screen_section=\u00a0\u00bbno\u00a0\u00bb type=\u00a0\u00bbgrid\u00a0\u00bb angled_section=\u00a0\u00bbno\u00a0\u00bb text_align=\u00a0\u00bbleft\u00a0\u00bb background_image_as_pattern=\u00a0\u00bbwithout_pattern\u00a0\u00bb z_index=\u00a0\u00bb\u00a0\u00bb css=\u00a0\u00bb.vc_custom_1523286234800{background-color: #ffffff !important;}\u00a0\u00bb el_id=\u00a0\u00bbcommunity\u00a0\u00bb][vc_column][vc_column_text]<\/p>\n<h2>Engagement communautaire<\/h2>\n<p>[\/vc_column_text][vc_column_text]Labor Tek est tr\u00e8s actif dans la communaut\u00e9 de la r\u00e9gion de la capitale nationale. Nous parrainons des nombreuses causes, y compris :[\/vc_column_text][vc_empty_space height=\u00a0\u00bb100px\u00a0\u00bb][vc_single_image image=\u00a0\u00bb78&Prime; img_size=\u00a0\u00bbfull\u00a0\u00bb qode_css_animation=\u00a0\u00bb\u00a0\u00bb][vc_empty_space height=\u00a0\u00bb50px\u00a0\u00bb][vc_column_text]<\/p>\n<h3>Children Hospital of Estern Ontario (CHEO)<\/h3>\n<p>[\/vc_column_text][vc_column_text]Le Centre hospitalier pour enfants de l\u2019est de l\u2019Ontario est un \u00e9tablissement de soins p\u00e9diatriques et un centre de recherche qui fournit des soins m\u00e9dicaux exceptionnels centr\u00e9s sur la famille et qui assure la formation des professionnels de la sant\u00e9 de demain. Au cours des trente-six derni\u00e8res ann\u00e9es, le CHEO s\u2019est impos\u00e9 en tant que centre de classe internationale qui propose des traitements de pointe et des services de diagnostic et de laboratoire avanc\u00e9s aux enfants et aux adolescents, de la naissance \u00e0 leur 18e anniversaire de naissance. Le CHEO abrite le Centre provincial d\u2019excellence pour la sant\u00e9 mentale des enfants et des ados ainsi que le Programme de d\u00e9pistage des maladies chez les nouveau-n\u00e9s de l\u2019Ontario. Le CHEO, en tant que partenaire actif du R\u00e9seau local d\u2019int\u00e9gration des services de sant\u00e9 Champlain, est un chef de file dans le domaine de la sant\u00e9 et du bien-\u00eatre des enfants sous tous ses aspects. Le vaste territoire desservi par le CHEO comprend non seulement Ottawa, mais aussi l\u2019est de l\u2019Ontario, l\u2019ouest du Qu\u00e9bec, le Nunavut ainsi que des r\u00e9gions du nord de l\u2019Ontario.<br \/>\n[\/vc_column_text][vc_empty_space height=\u00a0\u00bb50px\u00a0\u00bb][vc_column_text]\u00ab On behalf of the Children&rsquo;s Hospital and the CHEO Telethon, I want to thank Jean Beauchamp and Mr. Tardif for contributing four of your Labor Tek employees to help with our staging needs. After speaking with Kory, our staging supervisor, I can safely say that these four young men are excellent workers and they did fit in very well with our staging team. I had the opportunity to meet them last Thursday and they were very polite young men and they represented your company very well. \u00bb<\/p>\n<p>&nbsp;<\/p>\n<p>\u2014 Sandy Armstrong &#8211; Telethon Producer[\/vc_column_text][vc_empty_space height=\u00a0\u00bb50px\u00a0\u00bb]<a id=\"buttonVisitWebsite\" itemprop=\"url\" href=\"http:\/\/www.cheo.on.ca\/fr\/home\" target=\"_blank\"  class=\"qbutton  big_large default\" style=\"color: #3c3c3c; border-color: #d5d6d8; font-weight: 700; text-transform: none; font-size: 20px; border-radius: 0px;-moz-border-radius: 0px;-webkit-border-radius: 0px; \">Visitez le site Web<i class=\"qode_icon_font_awesome fa fa-long-arrow-right qode_button_icon_element\" style=\"color: #3c3c3c;\" ><\/i><\/a>[vc_empty_space height=\u00a0\u00bb160px\u00a0\u00bb][\/vc_column][\/vc_row]<\/p>\n<\/div>","protected":false},"excerpt":{"rendered":"<p>[vc_row css_animation=\u00a0\u00bb\u00a0\u00bb row_type=\u00a0\u00bbrow\u00a0\u00bb use_row_as_full_screen_section=\u00a0\u00bbno\u00a0\u00bb type=\u00a0\u00bbgrid\u00a0\u00bb angled_section=\u00a0\u00bbno\u00a0\u00bb text_align=\u00a0\u00bbleft\u00a0\u00bb background_image_as_pattern=\u00a0\u00bbwithout_pattern\u00a0\u00bb z_index=\u00a0\u00bb\u00a0\u00bb css=\u00a0\u00bb.vc_custom_1523297819286{background-color: #ffffff !important;}\u00a0\u00bb el_class=\u00a0\u00bbpadding-about-us-top\u00a0\u00bb][vc_column][vc_column_text]Labor Tek est une entreprise locale qui poss\u00e8de plus de 30 ann\u00e9es d\u2019exp\u00e9rience et de vastes connaissances dans le domaine de la dotation et de la formation. Labor Tek a deux secteurs d\u2019activit\u00e9&#8230;<\/p>\n","protected":false},"author":1,"featured_media":0,"parent":0,"menu_order":0,"comment_status":"closed","ping_status":"closed","template":"full_width.php","meta":{"_acf_changed":false,"footnotes":""},"class_list":["post-347","page","type-page","status-publish","hentry"],"acf":[],"yoast_head":"<!-- This site is optimized with the Yoast SEO plugin v23.8 - https:\/\/yoast.com\/wordpress\/plugins\/seo\/ -->\n<title>\u00c0 propos - Labortek Personnel Services Ltd.<\/title>\n<meta name=\"robots\" content=\"index, follow, max-snippet:-1, max-image-preview:large, max-video-preview:-1\" \/>\n<link rel=\"canonical\" href=\"https:\/\/labortek.com\/fr\/a-propos\/\" \/>\n<meta property=\"og:locale\" content=\"fr_FR\" \/>\n<meta property=\"og:type\" content=\"article\" \/>\n<meta property=\"og:title\" content=\"\u00c0 propos - Labortek Personnel Services Ltd.\" \/>\n<meta property=\"og:description\" content=\"[vc_row css_animation=\u00a0\u00bb\u00a0\u00bb row_type=\u00a0\u00bbrow\u00a0\u00bb use_row_as_full_screen_section=\u00a0\u00bbno\u00a0\u00bb type=\u00a0\u00bbgrid\u00a0\u00bb angled_section=\u00a0\u00bbno\u00a0\u00bb text_align=\u00a0\u00bbleft\u00a0\u00bb background_image_as_pattern=\u00a0\u00bbwithout_pattern\u00a0\u00bb z_index=\u00a0\u00bb\u00a0\u00bb css=\u00a0\u00bb.vc_custom_1523297819286{background-color: #ffffff !important;}\u00a0\u00bb el_class=\u00a0\u00bbpadding-about-us-top\u00a0\u00bb][vc_column][vc_column_text]Labor Tek est une entreprise locale qui poss\u00e8de plus de 30 ann\u00e9es d\u2019exp\u00e9rience et de vastes connaissances dans le domaine de la dotation et de la formation. Labor Tek a deux secteurs d\u2019activit\u00e9...\" \/>\n<meta property=\"og:url\" content=\"https:\/\/labortek.com\/fr\/a-propos\/\" \/>\n<meta property=\"og:site_name\" content=\"Labortek Personnel Services Ltd.\" \/>\n<meta property=\"article:publisher\" content=\"https:\/\/www.facebook.com\/labortekpersonnel\" \/>\n<meta property=\"article:modified_time\" content=\"2026-04-14T15:46:52+00:00\" \/>\n<meta property=\"og:image\" content=\"https:\/\/labortek.com\/wp-content\/uploads\/2018\/03\/logo.png\" \/>\n<meta name=\"twitter:card\" content=\"summary_large_image\" \/>\n<meta name=\"twitter:site\" content=\"@LaborTekPers\" \/>\n<meta name=\"twitter:label1\" content=\"Dur\u00e9e de lecture estim\u00e9e\" \/>\n\t<meta name=\"twitter:data1\" content=\"5 minutes\" \/>\n<script type=\"application\/ld+json\" class=\"yoast-schema-graph\">{\"@context\":\"https:\/\/schema.org\",\"@graph\":[{\"@type\":\"WebPage\",\"@id\":\"https:\/\/labortek.com\/fr\/a-propos\/\",\"url\":\"https:\/\/labortek.com\/fr\/a-propos\/\",\"name\":\"\u00c0 propos - Labortek Personnel Services Ltd.\",\"isPartOf\":{\"@id\":\"https:\/\/labortek.com\/#website\"},\"datePublished\":\"2018-03-19T14:50:12+00:00\",\"dateModified\":\"2026-04-14T15:46:52+00:00\",\"breadcrumb\":{\"@id\":\"https:\/\/labortek.com\/fr\/a-propos\/#breadcrumb\"},\"inLanguage\":\"fr-FR\",\"potentialAction\":[{\"@type\":\"ReadAction\",\"target\":[\"https:\/\/labortek.com\/fr\/a-propos\/\"]}]},{\"@type\":\"BreadcrumbList\",\"@id\":\"https:\/\/labortek.com\/fr\/a-propos\/#breadcrumb\",\"itemListElement\":[{\"@type\":\"ListItem\",\"position\":1,\"name\":\"Accueil\",\"item\":\"https:\/\/labortek.com\/fr\/\"},{\"@type\":\"ListItem\",\"position\":2,\"name\":\"\u00c0 propos\"}]},{\"@type\":\"WebSite\",\"@id\":\"https:\/\/labortek.com\/#website\",\"url\":\"https:\/\/labortek.com\/\",\"name\":\"Labortek Personnel Services Ltd.\",\"description\":\"\",\"potentialAction\":[{\"@type\":\"SearchAction\",\"target\":{\"@type\":\"EntryPoint\",\"urlTemplate\":\"https:\/\/labortek.com\/?s={search_term_string}\"},\"query-input\":{\"@type\":\"PropertyValueSpecification\",\"valueRequired\":true,\"valueName\":\"search_term_string\"}}],\"inLanguage\":\"fr-FR\"}]}<\/script>\n<!-- \/ Yoast SEO plugin. -->","yoast_head_json":{"title":"\u00c0 propos - Labortek Personnel Services Ltd.","robots":{"index":"index","follow":"follow","max-snippet":"max-snippet:-1","max-image-preview":"max-image-preview:large","max-video-preview":"max-video-preview:-1"},"canonical":"https:\/\/labortek.com\/fr\/a-propos\/","og_locale":"fr_FR","og_type":"article","og_title":"\u00c0 propos - Labortek Personnel Services Ltd.","og_description":"[vc_row css_animation=\u00a0\u00bb\u00a0\u00bb row_type=\u00a0\u00bbrow\u00a0\u00bb use_row_as_full_screen_section=\u00a0\u00bbno\u00a0\u00bb type=\u00a0\u00bbgrid\u00a0\u00bb angled_section=\u00a0\u00bbno\u00a0\u00bb text_align=\u00a0\u00bbleft\u00a0\u00bb background_image_as_pattern=\u00a0\u00bbwithout_pattern\u00a0\u00bb z_index=\u00a0\u00bb\u00a0\u00bb css=\u00a0\u00bb.vc_custom_1523297819286{background-color: #ffffff !important;}\u00a0\u00bb el_class=\u00a0\u00bbpadding-about-us-top\u00a0\u00bb][vc_column][vc_column_text]Labor Tek est une entreprise locale qui poss\u00e8de plus de 30 ann\u00e9es d\u2019exp\u00e9rience et de vastes connaissances dans le domaine de la dotation et de la formation. Labor Tek a deux secteurs d\u2019activit\u00e9...","og_url":"https:\/\/labortek.com\/fr\/a-propos\/","og_site_name":"Labortek Personnel Services Ltd.","article_publisher":"https:\/\/www.facebook.com\/labortekpersonnel","article_modified_time":"2026-04-14T15:46:52+00:00","og_image":[{"url":"https:\/\/labortek.com\/wp-content\/uploads\/2018\/03\/logo.png"}],"twitter_card":"summary_large_image","twitter_site":"@LaborTekPers","twitter_misc":{"Dur\u00e9e de lecture estim\u00e9e":"5 minutes"},"schema":{"@context":"https:\/\/schema.org","@graph":[{"@type":"WebPage","@id":"https:\/\/labortek.com\/fr\/a-propos\/","url":"https:\/\/labortek.com\/fr\/a-propos\/","name":"\u00c0 propos - Labortek Personnel Services Ltd.","isPartOf":{"@id":"https:\/\/labortek.com\/#website"},"datePublished":"2018-03-19T14:50:12+00:00","dateModified":"2026-04-14T15:46:52+00:00","breadcrumb":{"@id":"https:\/\/labortek.com\/fr\/a-propos\/#breadcrumb"},"inLanguage":"fr-FR","potentialAction":[{"@type":"ReadAction","target":["https:\/\/labortek.com\/fr\/a-propos\/"]}]},{"@type":"BreadcrumbList","@id":"https:\/\/labortek.com\/fr\/a-propos\/#breadcrumb","itemListElement":[{"@type":"ListItem","position":1,"name":"Accueil","item":"https:\/\/labortek.com\/fr\/"},{"@type":"ListItem","position":2,"name":"\u00c0 propos"}]},{"@type":"WebSite","@id":"https:\/\/labortek.com\/#website","url":"https:\/\/labortek.com\/","name":"Labortek Personnel Services Ltd.","description":"","potentialAction":[{"@type":"SearchAction","target":{"@type":"EntryPoint","urlTemplate":"https:\/\/labortek.com\/?s={search_term_string}"},"query-input":{"@type":"PropertyValueSpecification","valueRequired":true,"valueName":"search_term_string"}}],"inLanguage":"fr-FR"}]}},"_links":{"self":[{"href":"https:\/\/labortek.com\/fr\/wp-json\/wp\/v2\/pages\/347","targetHints":{"allow":["GET"]}}],"collection":[{"href":"https:\/\/labortek.com\/fr\/wp-json\/wp\/v2\/pages"}],"about":[{"href":"https:\/\/labortek.com\/fr\/wp-json\/wp\/v2\/types\/page"}],"author":[{"embeddable":true,"href":"https:\/\/labortek.com\/fr\/wp-json\/wp\/v2\/users\/1"}],"replies":[{"embeddable":true,"href":"https:\/\/labortek.com\/fr\/wp-json\/wp\/v2\/comments?post=347"}],"version-history":[{"count":9,"href":"https:\/\/labortek.com\/fr\/wp-json\/wp\/v2\/pages\/347\/revisions"}],"predecessor-version":[{"id":4551,"href":"https:\/\/labortek.com\/fr\/wp-json\/wp\/v2\/pages\/347\/revisions\/4551"}],"wp:attachment":[{"href":"https:\/\/labortek.com\/fr\/wp-json\/wp\/v2\/media?parent=347"}],"curies":[{"name":"wp","href":"https:\/\/api.w.org\/{rel}","templated":true}]}}