{"id":338,"date":"2018-03-19T10:32:22","date_gmt":"2018-03-19T14:32:22","guid":{"rendered":"http:\/\/labortek.com\/home\/"},"modified":"2018-06-21T15:59:01","modified_gmt":"2018-06-21T19:59:01","slug":"home","status":"publish","type":"page","link":"https:\/\/labortek.com\/fr\/","title":{"rendered":"Accueil"},"content":{"rendered":"<div class=\"wpb-content-wrapper\"><p>[vc_row css_animation=\u00a0\u00bb\u00a0\u00bb row_type=\u00a0\u00bbrow\u00a0\u00bb use_row_as_full_screen_section=\u00a0\u00bbno\u00a0\u00bb type=\u00a0\u00bbgrid\u00a0\u00bb angled_section=\u00a0\u00bbno\u00a0\u00bb text_align=\u00a0\u00bbleft\u00a0\u00bb background_image_as_pattern=\u00a0\u00bbwithout_pattern\u00a0\u00bb el_class=\u00a0\u00bbjob-column\u00a0\u00bb z_index=\u00a0\u00bb\u00a0\u00bb][vc_column][vc_row_inner row_type=\u00a0\u00bbrow\u00a0\u00bb type=\u00a0\u00bbgrid\u00a0\u00bb text_align=\u00a0\u00bbleft\u00a0\u00bb css_animation=\u00a0\u00bb\u00a0\u00bb][vc_column_inner][vc_column_text]\t<div class=\"vc_row row-table-head-home\">\n\t\t<div class=\"vc_col-sm-8\">\n\t\t\t<p class=\"new-job\">Nouveaux emplois \u00e0 Ottawa-Gatineau<\/p>\n\t\t<\/div>\n\t\t<div class=\"vc_col-sm-4\">\n\t\t\t<a href=\"\/fr\/recherche-emploi\/\" class=\"buttonSeeAllJobs\">Voir tous les emplois<\/a>\n\t\t<\/div>\n\t<\/div>\n\t<div class=\"vc_row row-table-home\">\n\t<div class=\"jobTable jobTable_home\">\n\t\t<div class=\"jobTableHead\">\n\t\t\t<div class=\"vc_col-sm-6 table-cell jobTitleHead\">\n\t\t\t\tTitre du poste\t\t\t<\/div>\n\t\t\t<div class=\"vc_col-sm-3 table-cell jobDateHead\">\n\t\t\t\tDate d'affichage\t\t\t<\/div>\n\t\t\t<div class=\"vc_col-sm-3 table-cell jobLocationHead\">\n\t\t\t\tLieu\t\t\t<\/div>\n\t\t<\/div>\n\t\t\t\t\t\t<div class=\"jobTableRow\">\n\t\t\t<div class=\"vc_col-sm-6 table-cell jobTitle\">\n\t\t\t\t<a href=\"https:\/\/labortek.com\/fr\/jobs\/hotesse-maitre-dhotel\/\">\n\t\t\t\t\tMa\u00eetre d\u2019h\u00f4tel\t\t\t\t<\/a>\n\t\t\t<\/div>\n\t\t\t<div class=\"vc_col-sm-3 table-cell jobDate\">\n\t\t\t\t2026-04-10\t\t\t<\/div>\n\t\t\t<div class=\"vc_col-sm-3 table-cell jobLocation\">\n\t\t\t\t\t\t\t<\/div>\n\t\t<\/div>\n\t\t\t\t<div class=\"jobTableRow\">\n\t\t\t<div class=\"vc_col-sm-6 table-cell jobTitle\">\n\t\t\t\t<a href=\"https:\/\/labortek.com\/fr\/jobs\/barman\/\">\n\t\t\t\t\tBarman\t\t\t\t<\/a>\n\t\t\t<\/div>\n\t\t\t<div class=\"vc_col-sm-3 table-cell jobDate\">\n\t\t\t\t2026-04-10\t\t\t<\/div>\n\t\t\t<div class=\"vc_col-sm-3 table-cell jobLocation\">\n\t\t\t\t\t\t\t<\/div>\n\t\t<\/div>\n\t\t\t\t<div class=\"jobTableRow\">\n\t\t\t<div class=\"vc_col-sm-6 table-cell jobTitle\">\n\t\t\t\t<a href=\"https:\/\/labortek.com\/fr\/jobs\/3520\/\">\n\t\t\t\t\tServeur de Banquet\t\t\t\t<\/a>\n\t\t\t<\/div>\n\t\t\t<div class=\"vc_col-sm-3 table-cell jobDate\">\n\t\t\t\t2026-04-09\t\t\t<\/div>\n\t\t\t<div class=\"vc_col-sm-3 table-cell jobLocation\">\n\t\t\t\t\t\t\t<\/div>\n\t\t<\/div>\n\t\t\t\t<div class=\"jobTableRow\">\n\t\t\t<div class=\"vc_col-sm-6 table-cell jobTitle\">\n\t\t\t\t<a href=\"https:\/\/labortek.com\/fr\/jobs\/conducteur-de-chariot-elevateur\/\">\n\t\t\t\t\tConducteur de chariot \u00e9l\u00e9vateur\t\t\t\t<\/a>\n\t\t\t<\/div>\n\t\t\t<div class=\"vc_col-sm-3 table-cell jobDate\">\n\t\t\t\t2026-04-08\t\t\t<\/div>\n\t\t\t<div class=\"vc_col-sm-3 table-cell jobLocation\">\n\t\t\t\t\t\t\t<\/div>\n\t\t<\/div>\n\t\t\t\t<div class=\"jobTableRow\">\n\t\t\t<div class=\"vc_col-sm-6 table-cell jobTitle\">\n\t\t\t\t<a href=\"https:\/\/labortek.com\/fr\/jobs\/menuisier\/\">\n\t\t\t\t\tMenuisier\t\t\t\t<\/a>\n\t\t\t<\/div>\n\t\t\t<div class=\"vc_col-sm-3 table-cell jobDate\">\n\t\t\t\t2026-03-31\t\t\t<\/div>\n\t\t\t<div class=\"vc_col-sm-3 table-cell jobLocation\">\n\t\t\t\tDiff\u00e9rentes places\t\t\t<\/div>\n\t\t<\/div>\n\t\t\t\t<div class=\"jobTableRow\">\n\t\t\t<div class=\"vc_col-sm-6 table-cell jobTitle\">\n\t\t\t\t<a href=\"https:\/\/labortek.com\/fr\/jobs\/mover-2\/\">\n\t\t\t\t\tMover\t\t\t\t<\/a>\n\t\t\t<\/div>\n\t\t\t<div class=\"vc_col-sm-3 table-cell jobDate\">\n\t\t\t\t2026-03-26\t\t\t<\/div>\n\t\t\t<div class=\"vc_col-sm-3 table-cell jobLocation\">\n\t\t\t\tVarious Locations\t\t\t<\/div>\n\t\t<\/div>\n\t\t\t\t<div class=\"jobTableRow\">\n\t\t\t<div class=\"vc_col-sm-6 table-cell jobTitle\">\n\t\t\t\t<a href=\"https:\/\/labortek.com\/fr\/jobs\/ouvrier-qualifie\/\">\n\t\t\t\t\tOuvrier qualifi\u00e9\t\t\t\t<\/a>\n\t\t\t<\/div>\n\t\t\t<div class=\"vc_col-sm-3 table-cell jobDate\">\n\t\t\t\t2026-03-25\t\t\t<\/div>\n\t\t\t<div class=\"vc_col-sm-3 table-cell jobLocation\">\n\t\t\t\t\t\t\t<\/div>\n\t\t<\/div>\n\t\t\t\t<div class=\"jobTableRow\">\n\t\t\t<div class=\"vc_col-sm-6 table-cell jobTitle\">\n\t\t\t\t<a href=\"https:\/\/labortek.com\/fr\/jobs\/ouvrier-dentrepot\/\">\n\t\t\t\t\tOuvrier d&rsquo;entrep\u00f4t\t\t\t\t<\/a>\n\t\t\t<\/div>\n\t\t\t<div class=\"vc_col-sm-3 table-cell jobDate\">\n\t\t\t\t2026-03-23\t\t\t<\/div>\n\t\t\t<div class=\"vc_col-sm-3 table-cell jobLocation\">\n\t\t\t\tOttawa\t\t\t<\/div>\n\t\t<\/div>\n\t\t\t\t<div class=\"jobTableRow\">\n\t\t\t<div class=\"vc_col-sm-6 table-cell jobTitle\">\n\t\t\t\t<a href=\"https:\/\/labortek.com\/fr\/jobs\/preparateurtrice-de-commandes\/\">\n\t\t\t\t\tPr\u00e9parateur(trice) de commandes\t\t\t\t<\/a>\n\t\t\t<\/div>\n\t\t\t<div class=\"vc_col-sm-3 table-cell jobDate\">\n\t\t\t\t2026-03-23\t\t\t<\/div>\n\t\t\t<div class=\"vc_col-sm-3 table-cell jobLocation\">\n\t\t\t\tOttawa Est \t\t\t<\/div>\n\t\t<\/div>\n\t\t\t\t<div class=\"jobTableRow\">\n\t\t\t<div class=\"vc_col-sm-6 table-cell jobTitle\">\n\t\t\t\t<a href=\"https:\/\/labortek.com\/fr\/jobs\/3514\/\">\n\t\t\t\t\tLaveur de Vitre\t\t\t\t<\/a>\n\t\t\t<\/div>\n\t\t\t<div class=\"vc_col-sm-3 table-cell jobDate\">\n\t\t\t\t2026-03-19\t\t\t<\/div>\n\t\t\t<div class=\"vc_col-sm-3 table-cell jobLocation\">\n\t\t\t\t\t\t\t<\/div>\n\t\t<\/div>\n\t\t\t<\/div>\n\t\t<\/div>\n\t<div class=\"buttonJobsBottom\">\n\t\t<a href=\"\/fr\/recherche-emploi\/\" class=\"buttonAllJobs\">Voir tous les emplois dans Ottawa-Gatineau<\/a>\n\t<\/div>\n\t[\/vc_column_text][\/vc_column_inner][\/vc_row_inner][\/vc_column][\/vc_row][vc_row css_animation=\u00a0\u00bb\u00a0\u00bb row_type=\u00a0\u00bbrow\u00a0\u00bb use_row_as_full_screen_section=\u00a0\u00bbno\u00a0\u00bb type=\u00a0\u00bbfull_width\u00a0\u00bb angled_section=\u00a0\u00bbno\u00a0\u00bb text_align=\u00a0\u00bbright\u00a0\u00bb background_image_as_pattern=\u00a0\u00bbwithout_pattern\u00a0\u00bb z_index=\u00a0\u00bb\u00a0\u00bb el_class=\u00a0\u00bbinterview-row-img\u00a0\u00bb][vc_column el_class=\u00a0\u00bbinterview-col-img height-row-interview\u00a0\u00bb offset=\u00a0\u00bbvc_col-lg-6&Prime;][\/vc_column][vc_column el_class=\u00a0\u00bbinterview-col height-row-interview\u00a0\u00bb offset=\u00a0\u00bbvc_col-lg-6&Prime;][vc_column_text el_class=\u00a0\u00bbinterviewTitle\u00a0\u00bb]<\/p>\n<h2>Laissez Labor Tek vous aider \u00e0 trouver l&rsquo;opportunit\u00e9 qui vous convient<\/h2>\n<p>[\/vc_column_text][vc_column_text el_class=\u00a0\u00bbbuttonInterview\u00a0\u00bb]<a href=\"#popup-fr\">Envoyez-nous votre CV<\/a>[\/vc_column_text][\/vc_column][\/vc_row][vc_row css_animation=\u00a0\u00bb\u00a0\u00bb row_type=\u00a0\u00bbrow\u00a0\u00bb use_row_as_full_screen_section=\u00a0\u00bbno\u00a0\u00bb type=\u00a0\u00bbfull_width\u00a0\u00bb angled_section=\u00a0\u00bbno\u00a0\u00bb text_align=\u00a0\u00bbleft\u00a0\u00bb background_image_as_pattern=\u00a0\u00bbwithout_pattern\u00a0\u00bb z_index=\u00a0\u00bb\u00a0\u00bb el_class=\u00a0\u00bblabortek-specialize-row\u00a0\u00bb][vc_column offset=\u00a0\u00bbvc_col-lg-6&Prime; el_class=\u00a0\u00bblabortek-specialize-padding-left\u00a0\u00bb][vc_column_text el_class=\u00a0\u00bbspecializedTitle\u00a0\u00bb]<\/p>\n<h2>Labor Tek se sp\u00e9cialise dans le<br \/>\nrecrutement pour divers postes<\/h2>\n<p>[\/vc_column_text][vc_column_text el_class=\u00a0\u00bbspecializedText\u00a0\u00bb]Au cours des deux derni\u00e8res d\u00e9cennies, Labor Tek Services de personnel a vu son entreprise grandir pour devenir une des principales agences de placement des secteurs public et priv\u00e9, y compris la fonction publique.[\/vc_column_text][vc_column_text el_class=\u00a0\u00bbspecializedMore\u00a0\u00bb]<a href=\"https:\/\/labortek.com\/fr\/a-propos\/\">En savoir plus sur Labortek\u00a0 <span data-type=\"normal\"  class=\"qode_icon_shortcode  q_font_awsome_icon   \" style=\" \"><i class=\"qode_icon_font_awesome fa fa-long-arrow-right qode_icon_element\" style=\"font-size: 20px;color: #1a40ba;\" ><\/i><\/span><\/a>[\/vc_column_text][\/vc_column][vc_column offset=\u00a0\u00bbvc_col-lg-6&Prime; el_class=\u00a0\u00bblabortek-specialize-padding-right\u00a0\u00bb][vc_row_inner row_type=\u00a0\u00bbrow\u00a0\u00bb type=\u00a0\u00bbfull_width\u00a0\u00bb text_align=\u00a0\u00bbleft\u00a0\u00bb css_animation=\u00a0\u00bb\u00a0\u00bb][vc_column_inner offset=\u00a0\u00bbvc_col-lg-6 vc_col-md-6&Prime;][vc_column_text]<\/p>\n<ul class=\"listSpecialized\">\n<li class=\"specializedOptions\">Man\u0153uvres g\u00e9n\u00e9rals<\/li>\n<li class=\"specializedOptions\">Distribution \/ Fabrication<\/li>\n<li class=\"specializedOptions\">Exp\u00e9dier et recevoir<\/li>\n<li class=\"specializedOptions\">Service Clients<\/li>\n<li class=\"specializedOptions\">Administration<\/li>\n<\/ul>\n<p>[\/vc_column_text][\/vc_column_inner][vc_column_inner offset=\u00a0\u00bbvc_col-lg-6 vc_col-md-6&Prime;][vc_column_text]<\/p>\n<ul class=\"listSpecialized\">\n<li class=\"specializedOptions\">Industriel &amp; M\u00e9tiers<\/li>\n<li class=\"specializedOptions\">Entrep\u00f4t \/ Logistique<\/li>\n<li class=\"specializedOptions\">Construction \/ Main-d&rsquo;\u0153uvre qualifi\u00e9e<\/li>\n<li class=\"specializedOptions\">Hospitalit\u00e9 \/ \u00c9v\u00e9nements<\/li>\n<li class=\"specializedOptions\">Informatique<\/li>\n<\/ul>\n<p>[\/vc_column_text][\/vc_column_inner][\/vc_row_inner][vc_column_text el_class=\u00a0\u00bbspecializedAndMore\u00a0\u00bb]<a href=\"https:\/\/labortek.com\/fr\/recherche-emploi\/\">Et plus&#8230;\u00a0 <span data-type=\"normal\"  class=\"qode_icon_shortcode  q_font_awsome_icon   \" style=\" \"><i class=\"qode_icon_font_awesome fa fa-long-arrow-right qode_icon_element\" style=\"font-size: 20px;color: #1a40ba;\" ><\/i><\/span><\/a>[\/vc_column_text][\/vc_column][\/vc_row][vc_row css_animation=\u00a0\u00bb\u00a0\u00bb row_type=\u00a0\u00bbrow\u00a0\u00bb use_row_as_full_screen_section=\u00a0\u00bbno\u00a0\u00bb type=\u00a0\u00bbgrid\u00a0\u00bb angled_section=\u00a0\u00bbno\u00a0\u00bb text_align=\u00a0\u00bbleft\u00a0\u00bb background_image_as_pattern=\u00a0\u00bbwithout_pattern\u00a0\u00bb z_index=\u00a0\u00bb\u00a0\u00bb el_class=\u00a0\u00bbtestimonial-bg\u00a0\u00bb][vc_column offset=\u00a0\u00bbvc_hidden-lg vc_hidden-md vc_hidden-sm vc_hidden-xs\u00a0\u00bb]<div class='testimonials_c_holder clearfix dark'><div class=\"testimonials_c testimonials_c_carousel\" data-show-navigation=\"yes\" data-animation-speed=\"\" data-auto-rotate-slides=\"3\" data-number-per-slide=\"1\"><ul class=\"slides\"><li id=\"testimonials-c-343\" class=\"testimonial_content\"><div class=\"testimonial_content_inner\"><div class=\"testimonial_rating_holder\"><span class=\"testimonial_star_holder\"><span class=\"icon_star\"><\/span><\/span><span class=\"testimonial_star_holder\"><span class=\"icon_star\"><\/span><\/span><span class=\"testimonial_star_holder\"><span class=\"icon_star\"><\/span><\/span><span class=\"testimonial_star_holder\"><span class=\"icon_star\"><\/span><\/span><span class=\"testimonial_star_holder\"><span class=\"icon_star\"><\/span><\/span><\/div><div class=\"testimonial_text_holder\"><div class=\"testimonial_text_inner\" style=\"color: #ffffff;\"><p style='font-size:25px;color:#ffffff;'>\u00ab Phasellus orci nisl, rutrum nec ex a, pulvinar hendrerit lacus. Integer velit lectus, lacinia sit amet egestas eget, mollis et nunc. Ut vel massa metus. Praesent condimentum. \u00bb<\/p><p class=\"testimonial_author\" style=\"color: #ffffff;color: #ffffff;font-size: 18px;\">\u2014 Don Draper, <strong>Sterling, Cooper & Partners<\/strong><\/p><\/div><\/div><\/div><\/li><\/ul><\/div><\/div>[\/vc_column][\/vc_row]<\/p>\n<\/div>","protected":false},"excerpt":{"rendered":"<p>[vc_row css_animation=\u00a0\u00bb\u00a0\u00bb row_type=\u00a0\u00bbrow\u00a0\u00bb use_row_as_full_screen_section=\u00a0\u00bbno\u00a0\u00bb type=\u00a0\u00bbgrid\u00a0\u00bb angled_section=\u00a0\u00bbno\u00a0\u00bb text_align=\u00a0\u00bbleft\u00a0\u00bb background_image_as_pattern=\u00a0\u00bbwithout_pattern\u00a0\u00bb el_class=\u00a0\u00bbjob-column\u00a0\u00bb z_index=\u00a0\u00bb\u00a0\u00bb][vc_column][vc_row_inner row_type=\u00a0\u00bbrow\u00a0\u00bb type=\u00a0\u00bbgrid\u00a0\u00bb text_align=\u00a0\u00bbleft\u00a0\u00bb css_animation=\u00a0\u00bb\u00a0\u00bb][vc_column_inner][vc_column_text][\/vc_column_text][\/vc_column_inner][\/vc_row_inner][\/vc_column][\/vc_row][vc_row css_animation=\u00a0\u00bb\u00a0\u00bb row_type=\u00a0\u00bbrow\u00a0\u00bb use_row_as_full_screen_section=\u00a0\u00bbno\u00a0\u00bb type=\u00a0\u00bbfull_width\u00a0\u00bb angled_section=\u00a0\u00bbno\u00a0\u00bb text_align=\u00a0\u00bbright\u00a0\u00bb background_image_as_pattern=\u00a0\u00bbwithout_pattern\u00a0\u00bb z_index=\u00a0\u00bb\u00a0\u00bb el_class=\u00a0\u00bbinterview-row-img\u00a0\u00bb][vc_column el_class=\u00a0\u00bbinterview-col-img height-row-interview\u00a0\u00bb offset=\u00a0\u00bbvc_col-lg-6&Prime;][\/vc_column][vc_column el_class=\u00a0\u00bbinterview-col height-row-interview\u00a0\u00bb offset=\u00a0\u00bbvc_col-lg-6&Prime;][vc_column_text el_class=\u00a0\u00bbinterviewTitle\u00a0\u00bb] Laissez Labor Tek vous aider \u00e0 trouver l&rsquo;opportunit\u00e9 qui vous convient [\/vc_column_text][vc_column_text el_class=\u00a0\u00bbbuttonInterview\u00a0\u00bb]Envoyez-nous votre CV[\/vc_column_text][\/vc_column][\/vc_row][vc_row&#8230;<\/p>\n","protected":false},"author":1,"featured_media":0,"parent":0,"menu_order":0,"comment_status":"closed","ping_status":"open","template":"full_width.php","meta":{"_acf_changed":false,"footnotes":""},"class_list":["post-338","page","type-page","status-publish","hentry"],"acf":[],"yoast_head":"<!-- This site is optimized with the Yoast SEO plugin v23.8 - https:\/\/yoast.com\/wordpress\/plugins\/seo\/ -->\n<title>Accueil - Labortek Personnel Services Ltd.<\/title>\n<meta name=\"robots\" content=\"index, follow, max-snippet:-1, max-image-preview:large, max-video-preview:-1\" \/>\n<link rel=\"canonical\" href=\"https:\/\/labortek.com\/fr\/\" \/>\n<meta property=\"og:locale\" content=\"fr_FR\" \/>\n<meta property=\"og:type\" content=\"article\" \/>\n<meta property=\"og:title\" content=\"Accueil - Labortek Personnel Services Ltd.\" \/>\n<meta property=\"og:description\" content=\"[vc_row css_animation=\u00a0\u00bb\u00a0\u00bb row_type=\u00a0\u00bbrow\u00a0\u00bb use_row_as_full_screen_section=\u00a0\u00bbno\u00a0\u00bb type=\u00a0\u00bbgrid\u00a0\u00bb angled_section=\u00a0\u00bbno\u00a0\u00bb text_align=\u00a0\u00bbleft\u00a0\u00bb background_image_as_pattern=\u00a0\u00bbwithout_pattern\u00a0\u00bb el_class=\u00a0\u00bbjob-column\u00a0\u00bb z_index=\u00a0\u00bb\u00a0\u00bb][vc_column][vc_row_inner row_type=\u00a0\u00bbrow\u00a0\u00bb type=\u00a0\u00bbgrid\u00a0\u00bb text_align=\u00a0\u00bbleft\u00a0\u00bb css_animation=\u00a0\u00bb\u00a0\u00bb][vc_column_inner][vc_column_text][\/vc_column_text][\/vc_column_inner][\/vc_row_inner][\/vc_column][\/vc_row][vc_row css_animation=\u00a0\u00bb\u00a0\u00bb row_type=\u00a0\u00bbrow\u00a0\u00bb use_row_as_full_screen_section=\u00a0\u00bbno\u00a0\u00bb type=\u00a0\u00bbfull_width\u00a0\u00bb angled_section=\u00a0\u00bbno\u00a0\u00bb text_align=\u00a0\u00bbright\u00a0\u00bb background_image_as_pattern=\u00a0\u00bbwithout_pattern\u00a0\u00bb z_index=\u00a0\u00bb\u00a0\u00bb el_class=\u00a0\u00bbinterview-row-img\u00a0\u00bb][vc_column el_class=\u00a0\u00bbinterview-col-img height-row-interview\u00a0\u00bb offset=\u00a0\u00bbvc_col-lg-6&Prime;][\/vc_column][vc_column el_class=\u00a0\u00bbinterview-col height-row-interview\u00a0\u00bb offset=\u00a0\u00bbvc_col-lg-6&Prime;][vc_column_text el_class=\u00a0\u00bbinterviewTitle\u00a0\u00bb] Laissez Labor Tek vous aider \u00e0 trouver l&rsquo;opportunit\u00e9 qui vous convient [\/vc_column_text][vc_column_text el_class=\u00a0\u00bbbuttonInterview\u00a0\u00bb]Envoyez-nous votre CV[\/vc_column_text][\/vc_column][\/vc_row][vc_row...\" \/>\n<meta property=\"og:url\" content=\"https:\/\/labortek.com\/fr\/\" \/>\n<meta property=\"og:site_name\" content=\"Labortek Personnel Services Ltd.\" \/>\n<meta property=\"article:publisher\" content=\"https:\/\/www.facebook.com\/labortekpersonnel\" \/>\n<meta property=\"article:modified_time\" content=\"2018-06-21T19:59:01+00:00\" \/>\n<meta property=\"og:image\" content=\"https:\/\/labortek.com\/wp-content\/uploads\/2018\/03\/logo.png\" \/>\n<meta name=\"twitter:card\" content=\"summary_large_image\" \/>\n<meta name=\"twitter:site\" content=\"@LaborTekPers\" \/>\n<meta name=\"twitter:label1\" content=\"Dur\u00e9e de lecture estim\u00e9e\" \/>\n\t<meta name=\"twitter:data1\" content=\"3 minutes\" \/>\n<script type=\"application\/ld+json\" class=\"yoast-schema-graph\">{\"@context\":\"https:\/\/schema.org\",\"@graph\":[{\"@type\":\"WebPage\",\"@id\":\"https:\/\/labortek.com\/fr\/\",\"url\":\"https:\/\/labortek.com\/fr\/\",\"name\":\"Accueil - Labortek Personnel Services Ltd.\",\"isPartOf\":{\"@id\":\"https:\/\/labortek.com\/#website\"},\"datePublished\":\"2018-03-19T14:32:22+00:00\",\"dateModified\":\"2018-06-21T19:59:01+00:00\",\"breadcrumb\":{\"@id\":\"https:\/\/labortek.com\/fr\/#breadcrumb\"},\"inLanguage\":\"fr-FR\",\"potentialAction\":[{\"@type\":\"ReadAction\",\"target\":[\"https:\/\/labortek.com\/fr\/\"]}]},{\"@type\":\"BreadcrumbList\",\"@id\":\"https:\/\/labortek.com\/fr\/#breadcrumb\",\"itemListElement\":[{\"@type\":\"ListItem\",\"position\":1,\"name\":\"Accueil\",\"item\":\"https:\/\/labortek.com\/fr\/\"},{\"@type\":\"ListItem\",\"position\":2,\"name\":\"Accueil\"}]},{\"@type\":\"WebSite\",\"@id\":\"https:\/\/labortek.com\/#website\",\"url\":\"https:\/\/labortek.com\/\",\"name\":\"Labortek Personnel Services Ltd.\",\"description\":\"\",\"potentialAction\":[{\"@type\":\"SearchAction\",\"target\":{\"@type\":\"EntryPoint\",\"urlTemplate\":\"https:\/\/labortek.com\/?s={search_term_string}\"},\"query-input\":{\"@type\":\"PropertyValueSpecification\",\"valueRequired\":true,\"valueName\":\"search_term_string\"}}],\"inLanguage\":\"fr-FR\"}]}<\/script>\n<!-- \/ Yoast SEO plugin. -->","yoast_head_json":{"title":"Accueil - Labortek Personnel Services Ltd.","robots":{"index":"index","follow":"follow","max-snippet":"max-snippet:-1","max-image-preview":"max-image-preview:large","max-video-preview":"max-video-preview:-1"},"canonical":"https:\/\/labortek.com\/fr\/","og_locale":"fr_FR","og_type":"article","og_title":"Accueil - Labortek Personnel Services Ltd.","og_description":"[vc_row css_animation=\u00a0\u00bb\u00a0\u00bb row_type=\u00a0\u00bbrow\u00a0\u00bb use_row_as_full_screen_section=\u00a0\u00bbno\u00a0\u00bb type=\u00a0\u00bbgrid\u00a0\u00bb angled_section=\u00a0\u00bbno\u00a0\u00bb text_align=\u00a0\u00bbleft\u00a0\u00bb background_image_as_pattern=\u00a0\u00bbwithout_pattern\u00a0\u00bb el_class=\u00a0\u00bbjob-column\u00a0\u00bb z_index=\u00a0\u00bb\u00a0\u00bb][vc_column][vc_row_inner row_type=\u00a0\u00bbrow\u00a0\u00bb type=\u00a0\u00bbgrid\u00a0\u00bb text_align=\u00a0\u00bbleft\u00a0\u00bb css_animation=\u00a0\u00bb\u00a0\u00bb][vc_column_inner][vc_column_text][\/vc_column_text][\/vc_column_inner][\/vc_row_inner][\/vc_column][\/vc_row][vc_row css_animation=\u00a0\u00bb\u00a0\u00bb row_type=\u00a0\u00bbrow\u00a0\u00bb use_row_as_full_screen_section=\u00a0\u00bbno\u00a0\u00bb type=\u00a0\u00bbfull_width\u00a0\u00bb angled_section=\u00a0\u00bbno\u00a0\u00bb text_align=\u00a0\u00bbright\u00a0\u00bb background_image_as_pattern=\u00a0\u00bbwithout_pattern\u00a0\u00bb z_index=\u00a0\u00bb\u00a0\u00bb el_class=\u00a0\u00bbinterview-row-img\u00a0\u00bb][vc_column el_class=\u00a0\u00bbinterview-col-img height-row-interview\u00a0\u00bb offset=\u00a0\u00bbvc_col-lg-6&Prime;][\/vc_column][vc_column el_class=\u00a0\u00bbinterview-col height-row-interview\u00a0\u00bb offset=\u00a0\u00bbvc_col-lg-6&Prime;][vc_column_text el_class=\u00a0\u00bbinterviewTitle\u00a0\u00bb] Laissez Labor Tek vous aider \u00e0 trouver l&rsquo;opportunit\u00e9 qui vous convient [\/vc_column_text][vc_column_text el_class=\u00a0\u00bbbuttonInterview\u00a0\u00bb]Envoyez-nous votre CV[\/vc_column_text][\/vc_column][\/vc_row][vc_row...","og_url":"https:\/\/labortek.com\/fr\/","og_site_name":"Labortek Personnel Services Ltd.","article_publisher":"https:\/\/www.facebook.com\/labortekpersonnel","article_modified_time":"2018-06-21T19:59:01+00:00","og_image":[{"url":"https:\/\/labortek.com\/wp-content\/uploads\/2018\/03\/logo.png"}],"twitter_card":"summary_large_image","twitter_site":"@LaborTekPers","twitter_misc":{"Dur\u00e9e de lecture estim\u00e9e":"3 minutes"},"schema":{"@context":"https:\/\/schema.org","@graph":[{"@type":"WebPage","@id":"https:\/\/labortek.com\/fr\/","url":"https:\/\/labortek.com\/fr\/","name":"Accueil - Labortek Personnel Services Ltd.","isPartOf":{"@id":"https:\/\/labortek.com\/#website"},"datePublished":"2018-03-19T14:32:22+00:00","dateModified":"2018-06-21T19:59:01+00:00","breadcrumb":{"@id":"https:\/\/labortek.com\/fr\/#breadcrumb"},"inLanguage":"fr-FR","potentialAction":[{"@type":"ReadAction","target":["https:\/\/labortek.com\/fr\/"]}]},{"@type":"BreadcrumbList","@id":"https:\/\/labortek.com\/fr\/#breadcrumb","itemListElement":[{"@type":"ListItem","position":1,"name":"Accueil","item":"https:\/\/labortek.com\/fr\/"},{"@type":"ListItem","position":2,"name":"Accueil"}]},{"@type":"WebSite","@id":"https:\/\/labortek.com\/#website","url":"https:\/\/labortek.com\/","name":"Labortek Personnel Services Ltd.","description":"","potentialAction":[{"@type":"SearchAction","target":{"@type":"EntryPoint","urlTemplate":"https:\/\/labortek.com\/?s={search_term_string}"},"query-input":{"@type":"PropertyValueSpecification","valueRequired":true,"valueName":"search_term_string"}}],"inLanguage":"fr-FR"}]}},"_links":{"self":[{"href":"https:\/\/labortek.com\/fr\/wp-json\/wp\/v2\/pages\/338","targetHints":{"allow":["GET"]}}],"collection":[{"href":"https:\/\/labortek.com\/fr\/wp-json\/wp\/v2\/pages"}],"about":[{"href":"https:\/\/labortek.com\/fr\/wp-json\/wp\/v2\/types\/page"}],"author":[{"embeddable":true,"href":"https:\/\/labortek.com\/fr\/wp-json\/wp\/v2\/users\/1"}],"replies":[{"embeddable":true,"href":"https:\/\/labortek.com\/fr\/wp-json\/wp\/v2\/comments?post=338"}],"version-history":[{"count":0,"href":"https:\/\/labortek.com\/fr\/wp-json\/wp\/v2\/pages\/338\/revisions"}],"wp:attachment":[{"href":"https:\/\/labortek.com\/fr\/wp-json\/wp\/v2\/media?parent=338"}],"curies":[{"name":"wp","href":"https:\/\/api.w.org\/{rel}","templated":true}]}}